{"id":491,"date":"2024-03-13T08:12:17","date_gmt":"2024-03-13T07:12:17","guid":{"rendered":"https:\/\/houseofthewolf.ch\/?page_id=491"},"modified":"2024-08-13T08:45:29","modified_gmt":"2024-08-13T06:45:29","slug":"grisha","status":"publish","type":"page","link":"https:\/\/houseofthewolf.ch\/fr\/grisha\/","title":{"rendered":"Grisha"},"content":{"rendered":"<p>[et_pb_section fb_built=&#8221;1&#8243; fullwidth=&#8221;on&#8221; _builder_version=&#8221;4.21.0&#8243; _module_preset=&#8221;default&#8221; top_divider_color=&#8221;#37404C&#8221; bottom_divider_style=&#8221;wave2&#8243; bottom_divider_color=&#8221;#FFFFFF&#8221; global_colors_info=&#8221;{}&#8221;][et_pb_fullwidth_header title=&#8221;Shima Onida The Grisha&#8221; header_fullscreen=&#8221;on&#8221; _builder_version=&#8221;4.27.0&#8243; _module_preset=&#8221;default&#8221; title_font_size=&#8221;50px&#8221; background_enable_color=&#8221;off&#8221; use_background_color_gradient=&#8221;on&#8221; background_color_gradient_direction=&#8221;90deg&#8221; background_color_gradient_stops=&#8221;#7d5c65 28%|rgba(255,255,255,0) 100%&#8221; background_color_gradient_overlays_image=&#8221;on&#8221; background_image=&#8221;https:\/\/houseofthewolf.ch\/wp-content\/uploads\/2024\/08\/20240608-20240608_173751-1-rotated.jpg&#8221; background_position=&#8221;bottom_center&#8221; global_colors_info=&#8221;{}&#8221;]<\/p>\n<p><em> AKA &#8220;Grisha&#8221;, &#8220;Grishette&#8221;, &#8220;Mlemmer&#8221;<br \/><\/em><\/p>\n<p><em><\/em><\/p>\n<p><em>\u00a0<\/em><\/p>\n<p>Timber Dog<\/p>\n<p>N\u00e9e le 13 novembre 2023<\/p>\n<p>[\/et_pb_fullwidth_header][\/et_pb_section][et_pb_section fb_built=&#8221;1&#8243; _builder_version=&#8221;4.19.5&#8243; _module_preset=&#8221;default&#8221; global_colors_info=&#8221;{}&#8221;][et_pb_row column_structure=&#8221;1_2,1_2&#8243; make_equal=&#8221;on&#8221; _builder_version=&#8221;4.21.0&#8243; _module_preset=&#8221;default&#8221; custom_css_main_element=&#8221;align-items: center;&#8221; global_colors_info=&#8221;{}&#8221;][et_pb_column type=&#8221;1_2&#8243; _builder_version=&#8221;4.21.0&#8243; _module_preset=&#8221;default&#8221; global_colors_info=&#8221;{}&#8221;][et_pb_image src=&#8221;https:\/\/houseofthewolf.ch\/wp-content\/uploads\/2024\/08\/20240604-20240604_142003.jpg&#8221; title_text=&#8221;20240604-20240604_142003&#8243; _builder_version=&#8221;4.27.0&#8243; _module_preset=&#8221;default&#8221; border_radii=&#8221;on|50%|50%|50%|50%&#8221; box_shadow_style=&#8221;preset2&#8243; global_colors_info=&#8221;{}&#8221;][\/et_pb_image][\/et_pb_column][et_pb_column type=&#8221;1_2&#8243; _builder_version=&#8221;4.21.0&#8243; _module_preset=&#8221;default&#8221; global_colors_info=&#8221;{}&#8221;][et_pb_text _builder_version=&#8221;4.21.0&#8243; _module_preset=&#8221;default&#8221; header_font_size=&#8221;40px&#8221; header_2_font_size=&#8221;40px&#8221; global_colors_info=&#8221;{}&#8221;]<\/p>\n<h1>\u00c0 propos de Grisha<\/h1>\n<p>&nbsp;<\/p>\n<p>Grisha a rejoint notre meute en f\u00e9vrier 2024 depuis Shima Onida. C'est notre premi\u00e8re Timber Dog et nous esp\u00e9rons qu'elle fera partie de notre programme d'\u00e9levage.<\/p>\n<p>Elle est un peu timide avec les nouvelles personnes et les nouveaux objets, mais elle s'y habitue g\u00e9n\u00e9ralement assez vite. Elle reste encore tr\u00e8s proche de nous, ce qui rend les promenades en laisse et les rappels sont un jeu d'enfant (pour l'instant). En revanche, elle tol\u00e8re \u00e9tonnamment bien d'\u00eatre laiss\u00e9e seule. Elle n'a pour l'instant que trois \u00e9tats : dormir, marcher dans nos pieds et zoomer comme une folle avec sa grande s\u0153ur !<\/p>\n<p>[\/et_pb_text][\/et_pb_column][\/et_pb_row][\/et_pb_section][et_pb_section fb_built=&#8221;1&#8243; fullwidth=&#8221;on&#8221; _builder_version=&#8221;4.21.0&#8243; _module_preset=&#8221;default&#8221; custom_padding=&#8221;||||false|false&#8221; top_divider_style=&#8221;waves2&#8243; top_divider_color=&#8221;#FFFFFF&#8221; top_divider_height=&#8221;50px&#8221; global_colors_info=&#8221;{}&#8221;][et_pb_fullwidth_header title=&#8221;Pedigree&#8221; subhead=&#8221;Discover Grisha&#8217;s ancestry&#8221; text_orientation=&#8221;center&#8221; button_one_url=&#8221;@ET-DC@eyJkeW5hbWljIjp0cnVlLCJjb250ZW50IjoicG9zdF9saW5rX3VybF9hdHRhY2htZW50Iiwic2V0dGluZ3MiOnsicG9zdF9pZCI6IjQ3MyJ9fQ==@&#8221; _builder_version=&#8221;4.27.0&#8243; _dynamic_attributes=&#8221;button_one_url&#8221; _module_preset=&#8221;default&#8221; title_font_size=&#8221;50px&#8221; custom_button_one=&#8221;on&#8221; button_one_border_width=&#8221;2px&#8221; button_one_font=&#8221;|600||on|||||&#8221; button_one_icon=&#8221;&#xf1c1;||fa||400&#8243; button_one_icon_placement=&#8221;left&#8221; button_one_on_hover=&#8221;off&#8221; custom_padding=&#8221;||0px||false|false&#8221; link_option_url_new_window=&#8221;on&#8221; global_colors_info=&#8221;{}&#8221;]<\/p>\n<p style=\"text-align: center;\"><em><br \/>Son pedigree officiel est disponible sur demande<br \/><\/em><\/p>\n<p>[\/et_pb_fullwidth_header][\/et_pb_section][et_pb_section fb_built=&#8221;1&#8243; fullwidth=&#8221;on&#8221; _builder_version=&#8221;4.21.0&#8243; _module_preset=&#8221;default&#8221; global_colors_info=&#8221;{}&#8221;][et_pb_fullwidth_header title=&#8221;Shima Onida Arella&#8221; subhead=&#8221;%22Arya%22 (Dam)&#8221; header_image_url=&#8221;https:\/\/houseofthewolf.ch\/wp-content\/uploads\/2024\/03\/423161097_10161588188154935_5586038618034827990_n-e1710348550304.jpg&#8221; _builder_version=&#8221;4.21.0&#8243; _module_preset=&#8221;default&#8221; title_level=&#8221;h2&#8243; title_font_size=&#8221;40px&#8221; subhead_font=&#8221;Black Chancery||||||||&#8221; subhead_font_size=&#8221;24px&#8221; content_link_text_color=&#8221;#7C90DB&#8221; custom_padding=&#8221;0px||0px||false|false&#8221; border_radii_image=&#8221;on|50%|50%|50%|50%&#8221; box_shadow_style_image=&#8221;preset2&#8243; global_colors_info=&#8221;{}&#8221;]<\/p>\n<p>&nbsp;<\/p>\n<ul>\n<li><strong>M\u00e8re <\/strong>: Starlight Mystique @ Shima Onida\n<ul>\n<li><strong>M\u00e8re<\/strong> : Bluestag Nabraska<\/li>\n<li><strong>P\u00e8re<\/strong> : Alba Criterion<\/li>\n<\/ul>\n<\/li>\n<li><strong>P\u00e8re <\/strong>: Shanaki The Black Cuillin\n<ul>\n<li><strong>M\u00e8re<\/strong> : Ty-Ohni Great Expectations<\/li>\n<li><strong>P\u00e8re<\/strong> : Alba Ootek @ Carron River<\/li>\n<\/ul>\n<\/li>\n<\/ul>\n<p><em>Photo par <\/em><a href=\"https:\/\/www.instagram.com\/angelanaish9939\"><em>@angelanaish9939<\/em><\/a><\/p>\n<p>[\/et_pb_fullwidth_header][\/et_pb_section][et_pb_section fb_built=&#8221;1&#8243; fullwidth=&#8221;on&#8221; _builder_version=&#8221;4.21.0&#8243; _module_preset=&#8221;default&#8221; bottom_divider_style=&#8221;waves2&#8243; bottom_divider_color=&#8221;#FFFFFF&#8221; bottom_divider_height=&#8221;50px&#8221; global_colors_info=&#8221;{}&#8221;][et_pb_fullwidth_header title=&#8221;Sansorrella Tribal Moon&#8221; subhead=&#8221;%22Igbo%22 (Sire)&#8221; header_image_url=&#8221;https:\/\/houseofthewolf.ch\/wp-content\/uploads\/2024\/03\/271569780_972804950309832_3112097296494852078_n-e1710348657277.jpg&#8221; _builder_version=&#8221;4.21.0&#8243; _module_preset=&#8221;default&#8221; title_level=&#8221;h2&#8243; title_font_size=&#8221;40px&#8221; subhead_font=&#8221;Black Chancery||||||||&#8221; subhead_font_size=&#8221;24px&#8221; content_link_text_color=&#8221;#7C90DB&#8221; custom_padding=&#8221;100px||100px||false|false&#8221; border_radii_image=&#8221;on|50%|50%|50%|50%&#8221; box_shadow_style_image=&#8221;preset2&#8243; global_colors_info=&#8221;{}&#8221;]<\/p>\n<p>&nbsp;<\/p>\n<ul>\n<li><strong>M\u00e8re<\/strong> : Sansorrella Tundra Spirit\n<ul>\n<li><strong>M\u00e8re <\/strong>: Sansorrella Seaspray<\/li>\n<li><strong>P\u00e8re <\/strong>: Muskeg Cherokee Ghost<\/li>\n<\/ul>\n<\/li>\n<li><strong>P\u00e8re<\/strong> : Soul of Sansorrella\n<ul>\n<li><strong>M\u00e8re <\/strong>: Crying Wolf Kira<\/li>\n<li><strong>P\u00e8re <\/strong>: Genghi<em>s<\/em><\/li>\n<\/ul>\n<\/li>\n<\/ul>\n<p><em>Photo par <a href=\"https:\/\/www.instagram.com\/thattogspot\/\">@thattogspot<\/a><\/em><\/p>\n<p>[\/et_pb_fullwidth_header][\/et_pb_section][et_pb_section fb_built=&#8221;1&#8243; _builder_version=&#8221;4.21.0&#8243; _module_preset=&#8221;default&#8221; custom_padding=&#8221;||100px||false|false&#8221; bottom_divider_style=&#8221;wave2&#8243; bottom_divider_color=&#8221;#37404C&#8221; global_colors_info=&#8221;{}&#8221;][et_pb_row make_equal=&#8221;on&#8221; _builder_version=&#8221;4.21.0&#8243; _module_preset=&#8221;default&#8221; custom_css_main_element=&#8221;align-items: center;&#8221; global_colors_info=&#8221;{}&#8221;][et_pb_column type=&#8221;4_4&#8243; _builder_version=&#8221;4.21.0&#8243; _module_preset=&#8221;default&#8221; global_colors_info=&#8221;{}&#8221;][et_pb_text _builder_version=&#8221;4.27.0&#8243; _module_preset=&#8221;default&#8221; header_2_font_size=&#8221;40px&#8221; header_3_font_size=&#8221;24px&#8221; header_3_line_height=&#8221;1.5em&#8221; global_colors_info=&#8221;{}&#8221;]<\/p>\n<h2 style=\"text-align: center;\">Sant\u00e9 &amp; G\u00e9n\u00e9tique<\/h2>\n<p style=\"text-align: center;\"><em>Health certificates are available upon request<\/em><\/p>\n<p>[\/et_pb_text][\/et_pb_column][\/et_pb_row][et_pb_row column_structure=&#8221;1_3,2_3&#8243; make_equal=&#8221;on&#8221; _builder_version=&#8221;4.21.0&#8243; _module_preset=&#8221;default&#8221; custom_css_main_element=&#8221;align-items: center;&#8221; global_colors_info=&#8221;{}&#8221;][et_pb_column type=&#8221;1_3&#8243; _builder_version=&#8221;4.21.0&#8243; _module_preset=&#8221;default&#8221; global_colors_info=&#8221;{}&#8221;][et_pb_text _builder_version=&#8221;4.27.0&#8243; _module_preset=&#8221;default&#8221; header_2_font_size=&#8221;40px&#8221; header_3_font_size=&#8221;24px&#8221; header_3_line_height=&#8221;1.5em&#8221; global_colors_info=&#8221;{}&#8221;]<\/p>\n<table style=\"border-collapse: collapse; width: 100%;\" 0=\"\">\n<tbody>\n<tr>\n<td>COI Embark<\/td>\n<td>6%<\/td>\n<\/tr>\n<tr>\n<td>Sant\u00e9 Embark<\/td>\n<td>DM Carrier, ALT Carrier<\/td>\n<\/tr>\n<tr>\n<td>Dysplasie de la hanche (HD)<\/td>\n<td>TBD<\/td>\n<\/tr>\n<tr>\n<td>Dysplasie du coude (ED)<\/td>\n<td>TBD<\/td>\n<\/tr>\n<tr>\n<td>Yeux et Gonioscopie<\/td>\n<td>TBD<\/td>\n<\/tr>\n<tr>\n<td>My\u00e9lopathie d\u00e9g\u00e9n\u00e9rative (DM)<\/td>\n<td>Carrier<\/td>\n<\/tr>\n<tr>\n<td>Dysplasie oculo-squelettique (OSD3)<\/td>\n<td>Saine<\/td>\n<\/tr>\n<tr>\n<td>Nanisme hypophysaire<\/td>\n<td>Saine<\/td>\n<\/tr>\n<\/tbody>\n<\/table>\n<p>[\/et_pb_text][\/et_pb_column][et_pb_column type=&#8221;2_3&#8243; _builder_version=&#8221;4.21.0&#8243; _module_preset=&#8221;default&#8221; global_colors_info=&#8221;{}&#8221;][et_pb_image src=&#8221;https:\/\/houseofthewolf.ch\/wp-content\/uploads\/2024\/08\/Screenshot_1.png&#8221; title_text=&#8221;Screenshot_1&#8243; _builder_version=&#8221;4.27.0&#8243; _module_preset=&#8221;default&#8221; global_colors_info=&#8221;{}&#8221;][\/et_pb_image][et_pb_button button_url=&#8221;https:\/\/my.embarkvet.com\/dog\/shimaonidathegrisha&#8221; url_new_window=&#8221;on&#8221; button_text=&#8221;Visit her Embark profile&#8221; button_alignment=&#8221;center&#8221; _builder_version=&#8221;4.27.0&#8243; _module_preset=&#8221;default&#8221; locked=&#8221;off&#8221; global_colors_info=&#8221;{}&#8221;][\/et_pb_button][\/et_pb_column][\/et_pb_row][\/et_pb_section]<\/p>","protected":false},"excerpt":{"rendered":"<p>AKA &#8220;Grisha&#8221;, &#8220;Grishette&#8221;, &#8220;Mlemmer&#8221; \u00a0 Timber Dog Born November 13th 2023About Grisha &nbsp; Grisha joined our pack in February 2024 from Shima Onida. She&#8217;s our first timber dog and will [&hellip;]<\/p>","protected":false},"author":1,"featured_media":0,"parent":0,"menu_order":0,"comment_status":"closed","ping_status":"closed","template":"","meta":{"_et_pb_use_builder":"on","_et_pb_old_content":"<!-- wp:divi\/placeholder \/-->","_et_gb_content_width":"","om_disable_all_campaigns":false,"_monsterinsights_skip_tracking":false,"_monsterinsights_sitenote_active":false,"_monsterinsights_sitenote_note":"","_monsterinsights_sitenote_category":0,"footnotes":""},"class_list":["post-491","page","type-page","status-publish","hentry"],"aioseo_notices":[],"_links":{"self":[{"href":"https:\/\/houseofthewolf.ch\/fr\/wp-json\/wp\/v2\/pages\/491","targetHints":{"allow":["GET"]}}],"collection":[{"href":"https:\/\/houseofthewolf.ch\/fr\/wp-json\/wp\/v2\/pages"}],"about":[{"href":"https:\/\/houseofthewolf.ch\/fr\/wp-json\/wp\/v2\/types\/page"}],"author":[{"embeddable":true,"href":"https:\/\/houseofthewolf.ch\/fr\/wp-json\/wp\/v2\/users\/1"}],"replies":[{"embeddable":true,"href":"https:\/\/houseofthewolf.ch\/fr\/wp-json\/wp\/v2\/comments?post=491"}],"version-history":[{"count":0,"href":"https:\/\/houseofthewolf.ch\/fr\/wp-json\/wp\/v2\/pages\/491\/revisions"}],"wp:attachment":[{"href":"https:\/\/houseofthewolf.ch\/fr\/wp-json\/wp\/v2\/media?parent=491"}],"curies":[{"name":"wp","href":"https:\/\/api.w.org\/{rel}","templated":true}]}}