{"id":517,"date":"2024-03-13T21:21:49","date_gmt":"2024-03-13T20:21:49","guid":{"rendered":"https:\/\/houseofthewolf.ch\/?page_id=517"},"modified":"2024-08-13T08:45:32","modified_gmt":"2024-08-13T06:45:32","slug":"jorunn","status":"publish","type":"page","link":"https:\/\/houseofthewolf.ch\/fr\/jorunn\/","title":{"rendered":"J\u00f3runn"},"content":{"rendered":"<p>[et_pb_section fb_built=&#8221;1&#8243; fullwidth=&#8221;on&#8221; _builder_version=&#8221;4.21.0&#8243; _module_preset=&#8221;default&#8221; top_divider_color=&#8221;#37404C&#8221; bottom_divider_style=&#8221;wave2&#8243; bottom_divider_color=&#8221;#FFFFFF&#8221; global_colors_info=&#8221;{}&#8221;][et_pb_fullwidth_header title=&#8221;Na&#8217;heestah&#8217;s Lady J\u00f3runn&#8221; header_fullscreen=&#8221;on&#8221; _builder_version=&#8221;4.24.2&#8243; _module_preset=&#8221;default&#8221; title_font_size=&#8221;50px&#8221; background_enable_color=&#8221;off&#8221; use_background_color_gradient=&#8221;on&#8221; background_color_gradient_direction=&#8221;90deg&#8221; background_color_gradient_stops=&#8221;#7d5c65 28%|rgba(255,255,255,0) 100%&#8221; background_color_gradient_overlays_image=&#8221;on&#8221; background_image=&#8221;https:\/\/houseofthewolf.ch\/wp-content\/uploads\/2024\/03\/20240104_153948-scaled-e1710359855123.jpg&#8221; parallax=&#8221;on&#8221; global_colors_info=&#8221;{}&#8221;]<\/p>\n<p><em>AKA \u201cJ\u00f3runn\u201d, \u201cFifille\u201d, \u201cFroggo\u201d<\/em><\/p>\n<p><em><\/em><\/p>\n<p><em>\u00a0<\/em><\/p>\n<p><span>Inuit du Nord<\/span><\/p>\n<p><span>N\u00e9e le 27 d\u00e9cembre 2022<\/span><\/p>\n<p>[\/et_pb_fullwidth_header][\/et_pb_section][et_pb_section fb_built=&#8221;1&#8243; _builder_version=&#8221;4.19.5&#8243; _module_preset=&#8221;default&#8221; global_colors_info=&#8221;{}&#8221;][et_pb_row column_structure=&#8221;1_2,1_2&#8243; make_equal=&#8221;on&#8221; _builder_version=&#8221;4.21.0&#8243; _module_preset=&#8221;default&#8221; custom_css_main_element=&#8221;align-items: center;&#8221; global_colors_info=&#8221;{}&#8221;][et_pb_column type=&#8221;1_2&#8243; _builder_version=&#8221;4.21.0&#8243; _module_preset=&#8221;default&#8221; global_colors_info=&#8221;{}&#8221;][et_pb_image src=&#8221;https:\/\/houseofthewolf.ch\/wp-content\/uploads\/2024\/03\/20240102_142700.jpg&#8221; title_text=&#8221;20240102_142700&#8243; _builder_version=&#8221;4.24.2&#8243; _module_preset=&#8221;default&#8221; border_radii=&#8221;on|50%|50%|50%|50%&#8221; box_shadow_style=&#8221;preset2&#8243; global_colors_info=&#8221;{}&#8221;][\/et_pb_image][\/et_pb_column][et_pb_column type=&#8221;1_2&#8243; _builder_version=&#8221;4.21.0&#8243; _module_preset=&#8221;default&#8221; global_colors_info=&#8221;{}&#8221;][et_pb_text _builder_version=&#8221;4.27.0&#8243; _module_preset=&#8221;default&#8221; header_font_size=&#8221;40px&#8221; header_2_font_size=&#8221;40px&#8221; global_colors_info=&#8221;{}&#8221;]<\/p>\n<h1>\u00c0 propos de J\u00f3runn<\/h1>\n<p>&nbsp;<\/p>\n<p>J\u00f3runn a rejoint notre meute en mars 2023 de chez Na'heestah. C'est notre premi\u00e8re Inuit du Nord et elle a r\u00e9cemment \u00e9t\u00e9 approuv\u00e9e par son \u00e9leveuse comme notre premi\u00e8re chienne d'\u00e9levage. Nous ne doutons pas qu'elle fera une excellente m\u00e8re, car elle a commenc\u00e9 \u00e0 montrer de forts instincts maternels d\u00e8s l'\u00e2ge de 12 mois.<\/p>\n<p>J\u00f3runn est une grosse pleurnicheuse et une t\u00eatue comme sa m\u00e8re, mais tr\u00e8s sociable, intr\u00e9pide et tr\u00e8s affectueuse avec toute sa famille. Elle est obs\u00e9d\u00e9e par la nourriture, ce qui rend les s\u00e9ances de dressage tr\u00e8s faciles, mais lorsqu'il s'agit de la faire \u00e9couter dans n'importe quelle situation, on a encore du boulot.<\/p>\n<p>[\/et_pb_text][\/et_pb_column][\/et_pb_row][\/et_pb_section][et_pb_section fb_built=&#8221;1&#8243; fullwidth=&#8221;on&#8221; _builder_version=&#8221;4.21.0&#8243; _module_preset=&#8221;default&#8221; custom_padding=&#8221;||||false|false&#8221; top_divider_style=&#8221;waves2&#8243; top_divider_color=&#8221;#FFFFFF&#8221; top_divider_height=&#8221;50px&#8221; global_colors_info=&#8221;{}&#8221;][et_pb_fullwidth_header title=&#8221;Pedigree&#8221; subhead=&#8221;Discover J\u00f3runn&#8217;s ancestry&#8221; text_orientation=&#8221;center&#8221; button_one_url=&#8221;@ET-DC@eyJkeW5hbWljIjp0cnVlLCJjb250ZW50IjoicG9zdF9saW5rX3VybF9hdHRhY2htZW50Iiwic2V0dGluZ3MiOnsicG9zdF9pZCI6IjQ3MyJ9fQ==@&#8221; _builder_version=&#8221;4.27.0&#8243; _dynamic_attributes=&#8221;button_one_url&#8221; _module_preset=&#8221;default&#8221; title_font_size=&#8221;50px&#8221; custom_button_one=&#8221;on&#8221; button_one_border_width=&#8221;2px&#8221; button_one_font=&#8221;|600||on|||||&#8221; button_one_icon=&#8221;&#xf1c1;||fa||400&#8243; button_one_icon_placement=&#8221;left&#8221; button_one_on_hover=&#8221;off&#8221; custom_padding=&#8221;||0px||false|false&#8221; link_option_url_new_window=&#8221;on&#8221; global_colors_info=&#8221;{}&#8221;]<\/p>\n<p style=\"text-align: center;\"><em><br \/>Son pedigree officiel est disponible sur demande<br \/><\/em><\/p>\n<p>[\/et_pb_fullwidth_header][\/et_pb_section][et_pb_section fb_built=&#8221;1&#8243; fullwidth=&#8221;on&#8221; _builder_version=&#8221;4.21.0&#8243; _module_preset=&#8221;default&#8221; global_colors_info=&#8221;{}&#8221;][et_pb_fullwidth_header title=&#8221;Olderhill Alpha Hermione&#8221; subhead=&#8221;@ Na&#8217;heestah &#8211; %22Faehlie%22 (Dam)&#8221; header_image_url=&#8221;https:\/\/houseofthewolf.ch\/wp-content\/uploads\/2024\/08\/20240407-20240407_181202.jpg&#8221; _builder_version=&#8221;4.27.0&#8243; _module_preset=&#8221;default&#8221; title_level=&#8221;h2&#8243; title_font_size=&#8221;40px&#8221; subhead_font=&#8221;Black Chancery||||||||&#8221; subhead_font_size=&#8221;24px&#8221; content_link_text_color=&#8221;#7C90DB&#8221; custom_padding=&#8221;0px||0px||false|false&#8221; border_radii_image=&#8221;on|50%|50%|50%|50%&#8221; box_shadow_style_image=&#8221;preset2&#8243; global_colors_info=&#8221;{}&#8221;]<\/p>\n<p>&nbsp;<\/p>\n<ul>\n<li><strong>M\u00e8re <\/strong>: Olderhill Alpha Wolfie\n<ul>\n<li><strong>M\u00e8re<\/strong> : Rubign Princess Ruby Pacino<\/li>\n<li><strong>P\u00e8re<\/strong> : Olderhill Alpha Black Eagle<\/li>\n<\/ul>\n<\/li>\n<li><strong>P\u00e8re <\/strong>: Olderhill Alpha Winter Solstice\n<ul>\n<li><strong>M\u00e8re<\/strong> : Olderhill Alpha Nightbird<\/li>\n<li><strong>P\u00e8re<\/strong> : Olderhill Alpha Dream Maker<\/li>\n<\/ul>\n<\/li>\n<\/ul>\n<p>[\/et_pb_fullwidth_header][\/et_pb_section][et_pb_section fb_built=&#8221;1&#8243; fullwidth=&#8221;on&#8221; _builder_version=&#8221;4.21.0&#8243; _module_preset=&#8221;default&#8221; bottom_divider_style=&#8221;waves2&#8243; bottom_divider_color=&#8221;#FFFFFF&#8221; bottom_divider_height=&#8221;50px&#8221; global_colors_info=&#8221;{}&#8221;][et_pb_fullwidth_header title=&#8221;Na&#8217;heestah&#8217;s Mister Ghayan&#8221; subhead=&#8221;%22Ghayan%22 (Sire)&#8221; header_image_url=&#8221;https:\/\/houseofthewolf.ch\/wp-content\/uploads\/2023\/10\/ghayan.jpg&#8221; _builder_version=&#8221;4.24.2&#8243; _module_preset=&#8221;default&#8221; title_level=&#8221;h2&#8243; title_font_size=&#8221;40px&#8221; subhead_font=&#8221;Black Chancery||||||||&#8221; subhead_font_size=&#8221;24px&#8221; content_link_text_color=&#8221;#7C90DB&#8221; custom_padding=&#8221;100px||100px||false|false&#8221; border_radii_image=&#8221;on|50%|50%|50%|50%&#8221; box_shadow_style_image=&#8221;preset2&#8243; global_colors_info=&#8221;{}&#8221;]<\/p>\n<p>&nbsp;<\/p>\n<ul>\n<li><strong>M\u00e8re<\/strong> : Na&#8217;heestah&#8217;s Lady Bao\n<ul>\n<li><strong>M\u00e8re <\/strong>: Machine Lady Eos @ Na&#8217;heestah<\/li>\n<li><strong>P\u00e8re <\/strong>: Mahlek Ochi Memoriam bono fractre @ Honiahaka<\/li>\n<\/ul>\n<\/li>\n<li><strong>P\u00e8re<\/strong> : Honiahaka Follow your Dreams\n<ul>\n<li><strong>M\u00e8re <\/strong>: Honiahaka Kizzi Kon-Tikki<\/li>\n<li><strong>P\u00e8re <\/strong>: Olderhill Alpha Winter&#8217;s Sunset @ Honiahaka<\/li>\n<\/ul>\n<\/li>\n<\/ul>\n<p>&nbsp;<\/p>\n<p>[\/et_pb_fullwidth_header][\/et_pb_section][et_pb_section fb_built=&#8221;1&#8243; _builder_version=&#8221;4.21.0&#8243; _module_preset=&#8221;default&#8221; custom_padding=&#8221;||100px||false|false&#8221; bottom_divider_style=&#8221;wave2&#8243; bottom_divider_color=&#8221;#37404C&#8221; global_colors_info=&#8221;{}&#8221;][et_pb_row make_equal=&#8221;on&#8221; _builder_version=&#8221;4.21.0&#8243; _module_preset=&#8221;default&#8221; custom_css_main_element=&#8221;align-items: center;&#8221; global_colors_info=&#8221;{}&#8221;][et_pb_column type=&#8221;4_4&#8243; _builder_version=&#8221;4.21.0&#8243; _module_preset=&#8221;default&#8221; global_colors_info=&#8221;{}&#8221;][et_pb_text _builder_version=&#8221;4.27.0&#8243; _module_preset=&#8221;default&#8221; header_2_font_size=&#8221;40px&#8221; header_3_font_size=&#8221;24px&#8221; header_3_line_height=&#8221;1.5em&#8221; global_colors_info=&#8221;{}&#8221;]<\/p>\n<h2 style=\"text-align: center;\">Sant\u00e9 &amp; G\u00e9n\u00e9tique<\/h2>\n<p style=\"text-align: center;\"><em>Ses certificats de sant\u00e9 sont disponibles sur demande<\/em><\/p>\n<p>[\/et_pb_text][\/et_pb_column][\/et_pb_row][et_pb_row column_structure=&#8221;1_3,2_3&#8243; make_equal=&#8221;on&#8221; _builder_version=&#8221;4.21.0&#8243; _module_preset=&#8221;default&#8221; custom_css_main_element=&#8221;align-items: center;&#8221; global_colors_info=&#8221;{}&#8221;][et_pb_column type=&#8221;1_3&#8243; _builder_version=&#8221;4.21.0&#8243; _module_preset=&#8221;default&#8221; global_colors_info=&#8221;{}&#8221;][et_pb_text _builder_version=&#8221;4.27.0&#8243; _module_preset=&#8221;default&#8221; header_2_font_size=&#8221;40px&#8221; header_3_font_size=&#8221;24px&#8221; header_3_line_height=&#8221;1.5em&#8221; global_colors_info=&#8221;{}&#8221;]<\/p>\n<table style=\"border-collapse: collapse; width: 100%;\" 0=\"\">\n<tbody>\n<tr>\n<td>COI Embark<\/td>\n<td>12%<\/td>\n<\/tr>\n<tr>\n<td>Sant\u00e9 Embark<\/td>\n<td>Saine<\/td>\n<\/tr>\n<tr>\n<td>Dysplasie de la hanche (HD)<\/td>\n<td>A\/A<\/td>\n<\/tr>\n<tr>\n<td>Dysplasie du coude (ED)<\/td>\n<td>0\/0<\/td>\n<\/tr>\n<tr>\n<td>Yeux et Gonioscopie<\/td>\n<td>Saine<\/td>\n<\/tr>\n<tr>\n<td>My\u00e9lopathie d\u00e9g\u00e9n\u00e9rative (DM)<\/td>\n<td>Saine<\/td>\n<\/tr>\n<tr>\n<td>Dysplasie oculo-squelettique (OSD3)<\/td>\n<td>Saine<\/td>\n<\/tr>\n<tr>\n<td>Nanisme hypophysaire<\/td>\n<td>Saine<\/td>\n<\/tr>\n<\/tbody>\n<\/table>\n<p>[\/et_pb_text][\/et_pb_column][et_pb_column type=&#8221;2_3&#8243; _builder_version=&#8221;4.21.0&#8243; _module_preset=&#8221;default&#8221; global_colors_info=&#8221;{}&#8221;][et_pb_image src=&#8221;https:\/\/houseofthewolf.ch\/wp-content\/uploads\/2023\/11\/Screenshot_2.png&#8221; title_text=&#8221;Screenshot_2&#8243; _builder_version=&#8221;4.24.2&#8243; _module_preset=&#8221;default&#8221; global_colors_info=&#8221;{}&#8221;][\/et_pb_image][et_pb_button button_url=&#8221;https:\/\/my.embarkvet.com\/dog\/naheestahsladyjorunn&#8221; url_new_window=&#8221;on&#8221; button_text=&#8221;Visit her Embark profile&#8221; button_alignment=&#8221;center&#8221; _builder_version=&#8221;4.27.0&#8243; _module_preset=&#8221;default&#8221; global_colors_info=&#8221;{}&#8221;][\/et_pb_button][\/et_pb_column][\/et_pb_row][\/et_pb_section]<\/p>","protected":false},"excerpt":{"rendered":"<p>AKA \u201cJ\u00f3runn\u201d, \u201cFifille\u201d, \u201cFroggo\u201d \u00a0 Northern Inuit Born December 27th 2022About J\u00f3runn &nbsp; J\u00f3runn joined our pack in March 2023 from Na\u2019heestah\u2019s Northern Inuits. She\u2019s our first Inuit and has [&hellip;]<\/p>","protected":false},"author":1,"featured_media":0,"parent":0,"menu_order":0,"comment_status":"closed","ping_status":"closed","template":"","meta":{"_et_pb_use_builder":"on","_et_pb_old_content":"<!-- wp:divi\/placeholder \/-->","_et_gb_content_width":"","om_disable_all_campaigns":false,"_monsterinsights_skip_tracking":false,"_monsterinsights_sitenote_active":false,"_monsterinsights_sitenote_note":"","_monsterinsights_sitenote_category":0,"footnotes":""},"class_list":["post-517","page","type-page","status-publish","hentry"],"aioseo_notices":[],"_links":{"self":[{"href":"https:\/\/houseofthewolf.ch\/fr\/wp-json\/wp\/v2\/pages\/517","targetHints":{"allow":["GET"]}}],"collection":[{"href":"https:\/\/houseofthewolf.ch\/fr\/wp-json\/wp\/v2\/pages"}],"about":[{"href":"https:\/\/houseofthewolf.ch\/fr\/wp-json\/wp\/v2\/types\/page"}],"author":[{"embeddable":true,"href":"https:\/\/houseofthewolf.ch\/fr\/wp-json\/wp\/v2\/users\/1"}],"replies":[{"embeddable":true,"href":"https:\/\/houseofthewolf.ch\/fr\/wp-json\/wp\/v2\/comments?post=517"}],"version-history":[{"count":0,"href":"https:\/\/houseofthewolf.ch\/fr\/wp-json\/wp\/v2\/pages\/517\/revisions"}],"wp:attachment":[{"href":"https:\/\/houseofthewolf.ch\/fr\/wp-json\/wp\/v2\/media?parent=517"}],"curies":[{"name":"wp","href":"https:\/\/api.w.org\/{rel}","templated":true}]}}