{"id":537,"date":"2024-03-14T12:31:37","date_gmt":"2024-03-14T11:31:37","guid":{"rendered":"https:\/\/houseofthewolf.ch\/?page_id=537"},"modified":"2026-03-06T15:35:47","modified_gmt":"2026-03-06T14:35:47","slug":"the-team","status":"publish","type":"page","link":"https:\/\/houseofthewolf.ch\/fr\/the-team\/","title":{"rendered":"L'\u00e9quipe"},"content":{"rendered":"<p>[et_pb_section fb_built=&#8221;1&#8243; fullwidth=&#8221;on&#8221; _builder_version=&#8221;4.21.0&#8243; _module_preset=&#8221;default&#8221; top_divider_color=&#8221;#37404C&#8221; bottom_divider_style=&#8221;wave2&#8243; bottom_divider_color=&#8221;#FFFFFF&#8221; global_colors_info=&#8221;{}&#8221;][et_pb_fullwidth_header title=&#8221;Meet the team !&#8221; header_fullscreen=&#8221;on&#8221; _builder_version=&#8221;4.27.4&#8243; _module_preset=&#8221;default&#8221; title_font_size=&#8221;50px&#8221; background_enable_color=&#8221;off&#8221; use_background_color_gradient=&#8221;on&#8221; background_color_gradient_direction=&#8221;90deg&#8221; background_color_gradient_stops=&#8221;#7d5c65 28%|rgba(255,255,255,0) 100%&#8221; background_color_gradient_overlays_image=&#8221;on&#8221; background_image=&#8221;https:\/\/houseofthewolf.ch\/wp-content\/uploads\/2024\/03\/IMG_20240213_220823_584-e1710328264382.jpg&#8221; parallax=&#8221;on&#8221; hover_enabled=&#8221;0&#8243; global_colors_info=&#8221;{}&#8221; title_text=&#8221;IMG_20240213_220823_584&#8243; sticky_enabled=&#8221;0&#8243;][\/et_pb_fullwidth_header][\/et_pb_section][et_pb_section fb_built=&#8221;1&#8243; _builder_version=&#8221;4.19.5&#8243; _module_preset=&#8221;default&#8221; global_colors_info=&#8221;{}&#8221;][et_pb_row _builder_version=&#8221;4.24.2&#8243; _module_preset=&#8221;default&#8221; global_colors_info=&#8221;{}&#8221;][et_pb_column type=&#8221;4_4&#8243; _builder_version=&#8221;4.24.2&#8243; _module_preset=&#8221;default&#8221; global_colors_info=&#8221;{}&#8221;][et_pb_text _builder_version=&#8221;4.24.2&#8243; _module_preset=&#8221;default&#8221; header_font_size=&#8221;50px&#8221; global_colors_info=&#8221;{}&#8221;]<\/p>\n<h1 style=\"text-align: center;\">Les quatre-pattes<\/h1>\n<p>[\/et_pb_text][\/et_pb_column][\/et_pb_row][et_pb_row column_structure=&#8221;1_3,1_3,1_3&#8243; _builder_version=&#8221;4.24.2&#8243; _module_preset=&#8221;default&#8221; custom_css_main_element=&#8221;align-items: center;&#8221; global_colors_info=&#8221;{}&#8221;][et_pb_column type=&#8221;1_3&#8243; _builder_version=&#8221;4.21.0&#8243; _module_preset=&#8221;default&#8221; global_colors_info=&#8221;{}&#8221;][et_pb_image src=&#8221;https:\/\/houseofthewolf.ch\/wp-content\/uploads\/2024\/03\/20240104_153948-1-scaled-e1710415558233.jpg&#8221; title_text=&#8221;20240104_153948&#8243; _builder_version=&#8221;4.24.2&#8243; _module_preset=&#8221;default&#8221; border_radii=&#8221;on|50%|50%|50%|50%&#8221; box_shadow_style=&#8221;preset2&#8243; global_colors_info=&#8221;{}&#8221;][\/et_pb_image][et_pb_text _builder_version=&#8221;4.27.4&#8243; _module_preset=&#8221;default&#8221; header_font_size=&#8221;40px&#8221; header_2_font_size=&#8221;40px&#8221; global_colors_info=&#8221;{}&#8221;]<\/p>\n<h2 style=\"text-align: center;\">J\u00f3runn<\/h2>\n<p style=\"text-align: center;\"><em><strong>Na&#8217;heestah&#8217;s<\/strong> Lady J\u00f3runn<\/em><\/p>\n<p style=\"text-align: center;\"><em>Inuit du Nord<\/em><\/p>\n<p style=\"text-align: justify;\"><span>J\u00f3runn est une grande et majestueuse femelle qui fait tourner toutes les t\u00eates sur son passage. Elle est intr\u00e9pide et peut nous accompagner partout. Cependant, elle \u00e9tait tr\u00e8s difficile \u00e0 l'adolescence et d\u00e9teste par-dessus tout \u00eatre laiss\u00e9e seule. Elle a \u00e9t\u00e9 une m\u00e8re incroyable pour notre premi\u00e8re port\u00e9e.<\/span><\/p>\n<p>[\/et_pb_text][et_pb_button button_url=&#8221;@ET-DC@eyJkeW5hbWljIjp0cnVlLCJjb250ZW50IjoicG9zdF9saW5rX3VybF9wYWdlIiwic2V0dGluZ3MiOnsicG9zdF9pZCI6IjUxNyJ9fQ==@&#8221; button_text=&#8221;More about J\u00f3runn&#8221; button_alignment=&#8221;center&#8221; _builder_version=&#8221;4.24.2&#8243; _dynamic_attributes=&#8221;button_url&#8221; _module_preset=&#8221;default&#8221; global_colors_info=&#8221;{}&#8221;][\/et_pb_button][\/et_pb_column][et_pb_column type=&#8221;1_3&#8243; _builder_version=&#8221;4.21.0&#8243; _module_preset=&#8221;default&#8221; global_colors_info=&#8221;{}&#8221;][et_pb_image src=&#8221;https:\/\/houseofthewolf.ch\/wp-content\/uploads\/2026\/03\/20250705_171209-2-scaled-e1772806354873.jpg&#8221; title_text=&#8221;20250705_171209-2&#8243; _builder_version=&#8221;4.27.4&#8243; _module_preset=&#8221;default&#8221; border_radii=&#8221;on|50%|50%|50%|50%&#8221; box_shadow_style=&#8221;preset2&#8243; global_colors_info=&#8221;{}&#8221;][\/et_pb_image][et_pb_text _builder_version=&#8221;4.27.4&#8243; _module_preset=&#8221;default&#8221; header_font_size=&#8221;40px&#8221; header_2_font_size=&#8221;40px&#8221; global_colors_info=&#8221;{}&#8221;]<\/p>\n<h2 style=\"text-align: center;\">Grisha<em><\/em><\/h2>\n<p style=\"text-align: center;\"><strong><em>Shima<\/em><\/strong><em><strong> Onida<\/strong> The Grisha<\/em><\/p>\n<p style=\"text-align: center;\"><em>Timber Dog<\/em><em><br \/><\/em><\/p>\n<p style=\"text-align: justify;\">Nous avons ramen\u00e9 Grisha d'Angleterre. C'est une chienne calme qui ne fait jamais de b\u00eatises et qui est tr\u00e8s affectueuse avec sa famille.  Cependant, elle se montre tr\u00e8s prudente avec les personnes et les situations qu'elle ne conna\u00eet pas.<\/p>\n<p>[\/et_pb_text][et_pb_button button_url=&#8221;@ET-DC@eyJkeW5hbWljIjp0cnVlLCJjb250ZW50IjoicG9zdF9saW5rX3VybF9wYWdlIiwic2V0dGluZ3MiOnsicG9zdF9pZCI6IjQ5MSJ9fQ==@&#8221; button_text=&#8221;More about Grisha&#8221; button_alignment=&#8221;center&#8221; _builder_version=&#8221;4.24.2&#8243; _dynamic_attributes=&#8221;button_url&#8221; _module_preset=&#8221;default&#8221; global_colors_info=&#8221;{}&#8221;][\/et_pb_button][\/et_pb_column][et_pb_column type=&#8221;1_3&#8243; _builder_version=&#8221;4.21.0&#8243; _module_preset=&#8221;default&#8221; global_colors_info=&#8221;{}&#8221;][et_pb_image src=&#8221;https:\/\/houseofthewolf.ch\/wp-content\/uploads\/2026\/03\/20250705_171153-scaled-e1772806418701.jpg&#8221; title_text=&#8221;20250705_171153&#8243; _builder_version=&#8221;4.27.4&#8243; _module_preset=&#8221;default&#8221; border_radii=&#8221;on|50%|50%|50%|50%&#8221; box_shadow_style=&#8221;preset2&#8243; global_colors_info=&#8221;{}&#8221;][\/et_pb_image][et_pb_text _builder_version=&#8221;4.27.4&#8243; _module_preset=&#8221;default&#8221; header_font_size=&#8221;40px&#8221; header_2_font_size=&#8221;40px&#8221; global_colors_info=&#8221;{}&#8221;]<\/p>\n<h2 style=\"text-align: center;\">Vi<\/h2>\n<p style=\"text-align: center;\"><em>Crocus <strong>of the House of the Wolf<br \/><\/strong><\/em><em><\/em><\/p>\n<p style=\"text-align: center;\"><em>Edelwolf<\/em><\/p>\n<p>Vi est notre premi\u00e8re chienne \u00e9lev\u00e9e \u00e0 la maison et la fille de J\u00f3runn. Elle tient beaucoup du c\u00f4t\u00e9 berger allemand de la famille, tant par son apparence que par son temp\u00e9rament, et c'est d'ailleurs son temp\u00e9rament qui nous a pouss\u00e9s \u00e0 la choisir. Elle est la plus douce et la plus amicale de nos chiennes, et elle ne quitte pas sa maman humaine d'une semelle.<\/p>\n<p>[\/et_pb_text][\/et_pb_column][\/et_pb_row][\/et_pb_section][et_pb_section fb_built=&#8221;1&#8243; fullwidth=&#8221;on&#8221; _builder_version=&#8221;4.21.0&#8243; _module_preset=&#8221;default&#8221; custom_padding=&#8221;||||false|false&#8221; top_divider_style=&#8221;waves2&#8243; top_divider_color=&#8221;#FFFFFF&#8221; top_divider_height=&#8221;50px&#8221; global_colors_info=&#8221;{}&#8221;][et_pb_fullwidth_header title=&#8221;The 2-leggeds&#8221; text_orientation=&#8221;center&#8221; button_one_url=&#8221;@ET-DC@eyJkeW5hbWljIjp0cnVlLCJjb250ZW50IjoicG9zdF9saW5rX3VybF9hdHRhY2htZW50Iiwic2V0dGluZ3MiOnsicG9zdF9pZCI6IjQ3MyJ9fQ==@&#8221; _builder_version=&#8221;4.21.0&#8243; _dynamic_attributes=&#8221;button_one_url&#8221; _module_preset=&#8221;default&#8221; title_font_size=&#8221;50px&#8221; custom_button_one=&#8221;on&#8221; button_one_border_width=&#8221;2px&#8221; button_one_font=&#8221;|600||on|||||&#8221; button_one_icon=&#8221;&#xf1c1;||fa||400&#8243; button_one_icon_placement=&#8221;left&#8221; button_one_on_hover=&#8221;off&#8221; custom_padding=&#8221;||0px||false|false&#8221; link_option_url_new_window=&#8221;on&#8221; global_colors_info=&#8221;{}&#8221;][\/et_pb_fullwidth_header][\/et_pb_section][et_pb_section fb_built=&#8221;1&#8243; fullwidth=&#8221;on&#8221; _builder_version=&#8221;4.21.0&#8243; _module_preset=&#8221;default&#8221; global_colors_info=&#8221;{}&#8221;][et_pb_fullwidth_header title=&#8221;Irina&#8221; header_image_url=&#8221;https:\/\/houseofthewolf.ch\/wp-content\/uploads\/2024\/03\/20240229_211133-scaled.jpg&#8221; _builder_version=&#8221;4.24.2&#8243; _module_preset=&#8221;default&#8221; title_level=&#8221;h2&#8243; title_font_size=&#8221;40px&#8221; subhead_font=&#8221;Black Chancery||||||||&#8221; subhead_font_size=&#8221;24px&#8221; content_link_text_color=&#8221;#7C90DB&#8221; custom_padding=&#8221;0px||0px||false|false&#8221; border_radii_image=&#8221;on|50%|50%|50%|50%&#8221; box_shadow_style_image=&#8221;preset2&#8243; global_colors_info=&#8221;{}&#8221;]<\/p>\n<p>&nbsp;<\/p>\n<p>Apr\u00e8s avoir pass\u00e9 dix ans \u00e0 \u00e9tudier un m\u00e9tier qui ne me plaisait pas, j'ai d\u00e9cid\u00e9 de vivre de ma passion depuis toute petite : les chiens ! J'ai trouv\u00e9 la race parfaite pour moi et j'ai con\u00e7u mon avenir en utilisant les outils commerciaux que j'ai acquis au cours de mes \u00e9tudes et de mon exp\u00e9rience.<\/p>\n<p>En 2026, j'ai commenc\u00e9 une formation officielle pour devenir \u00e9leveuse et \u00e9ducatrice canine certifi\u00e9e.<\/p>\n<p>[\/et_pb_fullwidth_header][\/et_pb_section][et_pb_section fb_built=&#8221;1&#8243; fullwidth=&#8221;on&#8221; _builder_version=&#8221;4.24.2&#8243; _module_preset=&#8221;default&#8221; bottom_divider_style=&#8221;waves2&#8243; bottom_divider_color=&#8221;#37404C&#8221; bottom_divider_height=&#8221;50px&#8221; global_colors_info=&#8221;{}&#8221;][et_pb_fullwidth_header title=&#8221;Eric&#8221; header_image_url=&#8221;https:\/\/houseofthewolf.ch\/wp-content\/uploads\/2023\/06\/2023-05-21_13-39-38_157_SONY_ZV-E10-2.jpg&#8221; _builder_version=&#8221;4.24.2&#8243; _module_preset=&#8221;default&#8221; title_level=&#8221;h2&#8243; title_font_size=&#8221;40px&#8221; subhead_font=&#8221;Black Chancery||||||||&#8221; subhead_font_size=&#8221;24px&#8221; content_link_text_color=&#8221;#7C90DB&#8221; custom_padding=&#8221;100px||100px||false|false&#8221; border_radii_image=&#8221;on|50%|50%|50%|50%&#8221; box_shadow_style_image=&#8221;preset2&#8243; global_colors_info=&#8221;{}&#8221;]<\/p>\n<p>&nbsp;<\/p>\n<p>Eric a appris \u00e0 vraiment aimer les chiens lorsque nous avons commenc\u00e9 \u00e0 sortir ensemble, puis il est tomb\u00e9 amoureux des bouviers bernois. S'il le pouvait, il en aurait toute une meute.<\/p>\n<p>Il travaille actuellement \u00e0 plein temps dans l'informatique, mais heureusement, il peut souvent travailler \u00e0 domicile. Il ne s'y conna\u00eet pas beaucoup en mati\u00e8re d'\u00e9levage, mais il aide toujours autant qu'il le peut.<\/p>\n<p>[\/et_pb_fullwidth_header][\/et_pb_section][et_pb_section fb_built=&#8221;1&#8243; _builder_version=&#8221;4.27.4&#8243; _module_preset=&#8221;default&#8221; background_color=&#8221;#37404C&#8221; global_colors_info=&#8221;{}&#8221;][et_pb_row _builder_version=&#8221;4.27.4&#8243; _module_preset=&#8221;default&#8221; global_colors_info=&#8221;{}&#8221;][et_pb_column type=&#8221;4_4&#8243; _builder_version=&#8221;4.24.2&#8243; _module_preset=&#8221;default&#8221; global_colors_info=&#8221;{}&#8221;][et_pb_text _builder_version=&#8221;4.27.4&#8243; _module_preset=&#8221;default&#8221; text_text_color=&#8221;#FFFFFF&#8221; header_text_color=&#8221;#FFFFFF&#8221; header_font_size=&#8221;50px&#8221; global_colors_info=&#8221;{}&#8221;]<\/p>\n<h1 style=\"text-align: center;\">In memoriam<\/h1>\n<p>[\/et_pb_text][\/et_pb_column][\/et_pb_row][et_pb_row column_structure=&#8221;1_3,1_3,1_3&#8243; make_equal=&#8221;on&#8221; _builder_version=&#8221;4.27.4&#8243; _module_preset=&#8221;default&#8221; custom_css_main_element=&#8221;align-items: center;&#8221; global_colors_info=&#8221;{}&#8221;][et_pb_column type=&#8221;1_3&#8243; _builder_version=&#8221;4.21.0&#8243; _module_preset=&#8221;default&#8221; global_colors_info=&#8221;{}&#8221;][et_pb_image src=&#8221;https:\/\/houseofthewolf.ch\/wp-content\/uploads\/2026\/03\/20220319_103804-Copie.jpg&#8221; title_text=&#8221;20220319_103804 &#8211; Copie&#8221; _builder_version=&#8221;4.27.4&#8243; _module_preset=&#8221;default&#8221; hover_enabled=&#8221;0&#8243; border_radii=&#8221;on|50%|50%|50%|50%&#8221; box_shadow_style=&#8221;preset2&#8243; global_colors_info=&#8221;{}&#8221; sticky_enabled=&#8221;0&#8243;][\/et_pb_image][\/et_pb_column][et_pb_column type=&#8221;1_3&#8243; _builder_version=&#8221;4.21.0&#8243; _module_preset=&#8221;default&#8221; global_colors_info=&#8221;{}&#8221;][et_pb_text _builder_version=&#8221;4.27.4&#8243; _module_preset=&#8221;default&#8221; text_text_color=&#8221;#FFFFFF&#8221; header_text_color=&#8221;#FFFFFF&#8221; header_font_size=&#8221;40px&#8221; header_2_text_color=&#8221;#FFFFFF&#8221; header_2_font_size=&#8221;40px&#8221; global_colors_info=&#8221;{}&#8221;]<\/p>\n<h2 style=\"text-align: center;\">Niki<\/h2>\n<p style=\"text-align: center;\"><em>Niki <strong>von der Lueg<br \/><\/strong><\/em><em>Bouvier Bernois<br \/>2019-2025<\/em><\/p>\n<p>[\/et_pb_text][\/et_pb_column][et_pb_column type=&#8221;1_3&#8243; _builder_version=&#8221;4.21.0&#8243; _module_preset=&#8221;default&#8221; global_colors_info=&#8221;{}&#8221;][et_pb_text _builder_version=&#8221;4.27.4&#8243; _module_preset=&#8221;default&#8221; text_text_color=&#8221;#FFFFFF&#8221; header_text_color=&#8221;#FFFFFF&#8221; header_font_size=&#8221;40px&#8221; header_2_font_size=&#8221;40px&#8221; global_colors_info=&#8221;{}&#8221;]<\/p>\n<p>Niki \u00e9tait le premier chien de notre petite famille. Il nous a rejoints en janvier 2020, peu apr\u00e8s notre emm\u00e9nagement ensemble. Il est malheureusement d\u00e9c\u00e9d\u00e9 d'une tumeur agressive en octobre 2025.<\/p>\n<p>Il n'a jamais \u00e9t\u00e9 destin\u00e9 \u00e0 la reproduction, c'\u00e9tait juste notre gros toutou tout doux. C'\u00e9tait le chien le plus adorable qui soit et la mascotte partout o\u00f9 il allait. Il pr\u00e9f\u00e9rait les humains aux chiens et trouvait toujours la meilleure victime pour le caresser. Il nous manquera toujours.<\/p>\n<p>[\/et_pb_text][\/et_pb_column][\/et_pb_row][\/et_pb_section][et_pb_section fb_built=&#8221;1&#8243; fullwidth=&#8221;on&#8221; _builder_version=&#8221;4.27.4&#8243; _module_preset=&#8221;default&#8221; background_color=&#8221;#37404C&#8221; custom_padding=&#8221;||||false|false&#8221; top_divider_color=&#8221;#FFFFFF&#8221; top_divider_height=&#8221;50px&#8221; bottom_divider_color=&#8221;#37404C&#8221; global_colors_info=&#8221;{}&#8221;][\/et_pb_section]<\/p>","protected":false},"excerpt":{"rendered":"<p>The 4-leggedsJ\u00f3runn Na&#8217;heestah&#8217;s Lady J\u00f3runn Northern Inuit J\u00f3runn is a tall and majestic female who turns all heads on her way. She&#8217;s fearless and can accompany us anywhere. However, she [&hellip;]<\/p>","protected":false},"author":1,"featured_media":0,"parent":0,"menu_order":0,"comment_status":"closed","ping_status":"closed","template":"","meta":{"_et_pb_use_builder":"on","_et_pb_old_content":"<!-- wp:divi\/placeholder \/-->","_et_gb_content_width":"","om_disable_all_campaigns":false,"_monsterinsights_skip_tracking":false,"_monsterinsights_sitenote_active":false,"_monsterinsights_sitenote_note":"","_monsterinsights_sitenote_category":0,"footnotes":""},"class_list":["post-537","page","type-page","status-publish","hentry"],"aioseo_notices":[],"_links":{"self":[{"href":"https:\/\/houseofthewolf.ch\/fr\/wp-json\/wp\/v2\/pages\/537","targetHints":{"allow":["GET"]}}],"collection":[{"href":"https:\/\/houseofthewolf.ch\/fr\/wp-json\/wp\/v2\/pages"}],"about":[{"href":"https:\/\/houseofthewolf.ch\/fr\/wp-json\/wp\/v2\/types\/page"}],"author":[{"embeddable":true,"href":"https:\/\/houseofthewolf.ch\/fr\/wp-json\/wp\/v2\/users\/1"}],"replies":[{"embeddable":true,"href":"https:\/\/houseofthewolf.ch\/fr\/wp-json\/wp\/v2\/comments?post=537"}],"version-history":[{"count":0,"href":"https:\/\/houseofthewolf.ch\/fr\/wp-json\/wp\/v2\/pages\/537\/revisions"}],"wp:attachment":[{"href":"https:\/\/houseofthewolf.ch\/fr\/wp-json\/wp\/v2\/media?parent=537"}],"curies":[{"name":"wp","href":"https:\/\/api.w.org\/{rel}","templated":true}]}}