{"id":572,"date":"2024-03-15T10:22:18","date_gmt":"2024-03-15T09:22:18","guid":{"rendered":"https:\/\/houseofthewolf.ch\/?page_id=572"},"modified":"2024-09-06T12:51:08","modified_gmt":"2024-09-06T10:51:08","slug":"wolfalikes","status":"publish","type":"page","link":"https:\/\/houseofthewolf.ch\/fr\/wolfalikes\/","title":{"rendered":"Les chiens lupo\u00efdes"},"content":{"rendered":"<p>[et_pb_section fb_built=&#8221;1&#8243; fullwidth=&#8221;on&#8221; _builder_version=&#8221;4.21.0&#8243; _module_preset=&#8221;default&#8221; top_divider_color=&#8221;#37404C&#8221; bottom_divider_style=&#8221;wave2&#8243; bottom_divider_color=&#8221;#FFFFFF&#8221; global_colors_info=&#8221;{}&#8221;][et_pb_fullwidth_header title=&#8221;Wolfalikes&#8221; subhead=&#8221;Origins &#038; Temperament&#8221; header_fullscreen=&#8221;on&#8221; _builder_version=&#8221;4.24.2&#8243; _module_preset=&#8221;default&#8221; title_font_size=&#8221;50px&#8221; background_enable_color=&#8221;off&#8221; use_background_color_gradient=&#8221;on&#8221; background_color_gradient_direction=&#8221;90deg&#8221; background_color_gradient_stops=&#8221;#7d5c65 28%|rgba(255,255,255,0) 100%&#8221; background_color_gradient_overlays_image=&#8221;on&#8221; background_image=&#8221;https:\/\/houseofthewolf.ch\/wp-content\/uploads\/2024\/03\/20240104_153948-scaled-e1710359855123.jpg&#8221; parallax=&#8221;on&#8221; global_colors_info=&#8221;{}&#8221;][\/et_pb_fullwidth_header][\/et_pb_section][et_pb_section fb_built=&#8221;1&#8243; _builder_version=&#8221;4.19.5&#8243; _module_preset=&#8221;default&#8221; global_colors_info=&#8221;{}&#8221;][et_pb_row column_structure=&#8221;1_3,2_3&#8243; make_equal=&#8221;on&#8221; _builder_version=&#8221;4.24.2&#8243; _module_preset=&#8221;default&#8221; global_colors_info=&#8221;{}&#8221;][et_pb_column type=&#8221;1_3&#8243; _builder_version=&#8221;4.19.5&#8243; _module_preset=&#8221;default&#8221; global_colors_info=&#8221;{}&#8221;][et_pb_image src=&#8221;https:\/\/houseofthewolf.ch\/wp-content\/uploads\/2024\/03\/milo-weiler-1AIYdIb3O5M-unsplash-scaled-e1710493776227.jpg&#8221; title_text=&#8221;milo-weiler-1AIYdIb3O5M-unsplash&#8221; _builder_version=&#8221;4.24.2&#8243; _module_preset=&#8221;default&#8221; border_radii=&#8221;on|50%|50%|50%|50%&#8221; box_shadow_style=&#8221;preset2&#8243; global_colors_info=&#8221;{}&#8221;][\/et_pb_image][\/et_pb_column][et_pb_column type=&#8221;2_3&#8243; _builder_version=&#8221;4.24.2&#8243; _module_preset=&#8221;default&#8221; global_colors_info=&#8221;{}&#8221;][et_pb_text _builder_version=&#8221;4.27.0&#8243; _module_preset=&#8221;default&#8221; global_colors_info=&#8221;{}&#8221;]<\/p>\n<h1>Un loup sur ton canap\u00e9<\/h1>\n<p>&nbsp;<\/p>\n<p>Les chiens existent gr\u00e2ce \u00e0 une ancienne collaboration entre les hommes et les loups. Pourtant aujourd'hui, les loups sont consid\u00e9r\u00e9s comme des nuisibles, notamment dans notre r\u00e9gion du Valais en Suisse, o\u00f9 le sujet de la chasse au loup est souvent mis sur la table et suscite des d\u00e9bats passionn\u00e9s.<\/p>\n<p>Et pourtant, ils ont toujours eu quelque chose de fascinant. Le loup a \u00e9t\u00e9 utilis\u00e9 \u00e0 la fois comme symbole positif (famille, libert\u00e9, loyaut\u00e9, protection, sagesse) et n\u00e9gatif (chaos, destruction), et a inspir\u00e9 de nombreuses cr\u00e9atures mythiques. Cette fascination existe encore aujourd'hui et de nombreuses personnes r\u00eavent de vivre avec un loup.<\/p>\n<p>Bien entendu, la place du loup est dans la nature et ils ne convient pas comme animal de compagnie. Les chiens-loups conservent souvent une forte part de loup et peuvent \u00eatre tr\u00e8s difficiles \u00e0 g\u00e9rer. L'objectif des chiens lupo\u00efdes est de conserver cette apparence de loup tout en diluant la part g\u00e9n\u00e9tique de loup au profit d'un temp\u00e9rament plus facile, adapt\u00e9 \u00e0 la vie moderne et aux familles incluant d'autres animaux ou des enfants.<\/p>\n<p>&nbsp;<\/p>\n<p>[\/et_pb_text][\/et_pb_column][\/et_pb_row][\/et_pb_section][et_pb_section fb_built=&#8221;1&#8243; _builder_version=&#8221;4.24.2&#8243; _module_preset=&#8221;default&#8221; background_color=&#8221;#7D5C65&#8243; custom_margin=&#8221;||||false|false&#8221; custom_padding=&#8221;100px||100px||false|false&#8221; top_divider_style=&#8221;waves2&#8243; top_divider_color=&#8221;#FFFFFF&#8221; bottom_divider_style=&#8221;waves2&#8243; bottom_divider_color=&#8221;#FFFFFF&#8221; global_colors_info=&#8221;{}&#8221;][et_pb_row column_structure=&#8221;2_3,1_3&#8243; make_equal=&#8221;on&#8221; _builder_version=&#8221;4.24.2&#8243; _module_preset=&#8221;default&#8221; global_colors_info=&#8221;{}&#8221;][et_pb_column type=&#8221;2_3&#8243; _builder_version=&#8221;4.24.2&#8243; _module_preset=&#8221;default&#8221; global_colors_info=&#8221;{}&#8221;][et_pb_text _builder_version=&#8221;4.24.2&#8243; _module_preset=&#8221;default&#8221; text_text_color=&#8221;#FFFFFF&#8221; header_text_color=&#8221;#FFFFFF&#8221; hover_enabled=&#8221;0&#8243; global_colors_info=&#8221;{}&#8221; sticky_enabled=&#8221;0&#8243;]<\/p>\n<h1>L'origine des chiens lupo\u00efdes<\/h1>\n<p>&nbsp;<\/p>\n<p>L'\u00e9levage de chiens lupo\u00efdes est un monde restreint et une pratique relativement r\u00e9cente. Les recherches sur leur histoire sont tr\u00e8s difficiles car elles reposent en grande partie sur les informations trouv\u00e9es sur les sites web des \u00e9leveurs, qui peuvent \u00eatre inexactes ou incompl\u00e8tes, sans compter que le site web dispara\u00eet souvent avec l'\u00e9leveur.<\/p>\n<p>Il semble toutefois y avoir un consensus sur le fait que les chiens lupo\u00efdes sont apparus au Royaume-Uni \u00e0 la fin des ann\u00e9es 80, \u00e0 la suite des exp\u00e9riences d'une femme nomm\u00e9e <span>Edwina Harrison, qui a crois\u00e9 diff\u00e9rentes races pour obtenir un chien de famille \u00e0 l'allure de loup. Certains des descendants de ses chiens ont \u00e9t\u00e9 utilis\u00e9s pour cr\u00e9er la race des Inuits du Nord, qui s'est ensuite fait conna\u00eetre par son apparition dans la s\u00e9rie Game of Thrones.<\/span><\/p>\n<p>En raison de d\u00e9saccords entre les \u00e9leveurs sur l'objectif ou la gestion de la race, de nombreuses autres races ont \u00e9t\u00e9 cr\u00e9\u00e9es, telles que les Tamaskans, les Timber Dogs, les Anglo Wulfdogs, et d'autres encore. Comme toutes les races de chiens lupo\u00efdes sont tr\u00e8s r\u00e9centes, tr\u00e8s peu d'entre elles (voire aucune) sont officiellement reconnues par les gouvernements ou les f\u00e9d\u00e9rations de race.<\/p>\n<p>[\/et_pb_text][\/et_pb_column][et_pb_column type=&#8221;1_3&#8243; _builder_version=&#8221;4.19.5&#8243; _module_preset=&#8221;default&#8221; global_colors_info=&#8221;{}&#8221;][et_pb_image src=&#8221;https:\/\/houseofthewolf.ch\/wp-content\/uploads\/2024\/09\/m3wRNZizHHG1CVZiCLlvHq1WJaV3nrF4tEPkf17mJfY.jpg&#8221; title_text=&#8221;m3wRNZizHHG1CVZiCLlvHq1WJaV3nrF4tEPkf17mJfY&#8221; _builder_version=&#8221;4.27.0&#8243; _module_preset=&#8221;default&#8221; border_radii=&#8221;on|50%|50%|50%|50%&#8221; box_shadow_style=&#8221;preset2&#8243; global_colors_info=&#8221;{}&#8221; hover_enabled=&#8221;0&#8243; sticky_enabled=&#8221;0&#8243;][\/et_pb_image][et_pb_text _builder_version=&#8221;4.27.0&#8243; _module_preset=&#8221;default&#8221; text_text_color=&#8221;#FFFFFF&#8221; text_font_size=&#8221;16px&#8221; header_6_text_color=&#8221;#FFFFFF&#8221; header_6_line_height=&#8221;1.2em&#8221; hover_enabled=&#8221;0&#8243; global_colors_info=&#8221;{}&#8221; sticky_enabled=&#8221;0&#8243;]<\/p>\n<p style=\"text-align: center;\"><em>Sophie Turner (Sansa) a adopt\u00e9 l'Inuit du Nord qui jouait la louve de son personnage dans Game of Thrones<br \/><\/em><\/p>\n<p>[\/et_pb_text][\/et_pb_column][\/et_pb_row][\/et_pb_section][et_pb_section fb_built=&#8221;1&#8243; _builder_version=&#8221;4.27.0&#8243; _module_preset=&#8221;default&#8221; bottom_divider_height=&#8221;50px&#8221; global_colors_info=&#8221;{}&#8221;][et_pb_row column_structure=&#8221;1_4,1_2,1_4&#8243; _builder_version=&#8221;4.21.0&#8243; _module_preset=&#8221;default&#8221; global_colors_info=&#8221;{}&#8221;][et_pb_column type=&#8221;1_4&#8243; _builder_version=&#8221;4.19.5&#8243; _module_preset=&#8221;default&#8221; global_colors_info=&#8221;{}&#8221;][\/et_pb_column][et_pb_column type=&#8221;1_2&#8243; _builder_version=&#8221;4.19.5&#8243; _module_preset=&#8221;default&#8221; global_colors_info=&#8221;{}&#8221;][et_pb_text _builder_version=&#8221;4.24.2&#8243; _module_preset=&#8221;default&#8221; global_colors_info=&#8221;{}&#8221;]<\/p>\n<h1 style=\"text-align: center;\">Caract\u00e8re<\/h1>\n<p style=\"text-align: center;\">Il existe bien entendu des diff\u00e9rences d'une race \u00e0 l'autre et d'un chien \u00e0 l'autre, mais il s'agit de caract\u00e9ristiques g\u00e9n\u00e9rales que l'on retrouve souvent chez les chiens lupo\u00efdes.<\/p>\n<p>[\/et_pb_text][\/et_pb_column][et_pb_column type=&#8221;1_4&#8243; _builder_version=&#8221;4.19.5&#8243; _module_preset=&#8221;default&#8221; global_colors_info=&#8221;{}&#8221;][\/et_pb_column][\/et_pb_row][et_pb_row column_structure=&#8221;1_3,1_3,1_3&#8243; _builder_version=&#8221;4.21.0&#8243; _module_preset=&#8221;default&#8221; global_colors_info=&#8221;{}&#8221;][et_pb_column type=&#8221;1_3&#8243; _builder_version=&#8221;4.21.0&#8243; _module_preset=&#8221;default&#8221; global_colors_info=&#8221;{}&#8221;][et_pb_icon font_icon=&#8221;&#xe074;||divi||400&#8243; icon_width=&#8221;60px&#8221; _builder_version=&#8221;4.24.2&#8243; _module_preset=&#8221;default&#8221; global_colors_info=&#8221;{}&#8221;][\/et_pb_icon][et_pb_text _builder_version=&#8221;4.24.2&#8243; _module_preset=&#8221;default&#8221; global_colors_info=&#8221;{}&#8221;]<\/p>\n<h2 style=\"text-align: center;\">Anxi\u00e9t\u00e9 de s\u00e9paration<\/h2>\n<p style=\"text-align: center;\">Ce sont des animaux de meute et ils ont souvent beaucoup de mal \u00e0 rester sans humain, ce qui entra\u00eene souvent des comportements destructeurs.<\/p>\n<p>[\/et_pb_text][\/et_pb_column][et_pb_column type=&#8221;1_3&#8243; _builder_version=&#8221;4.21.0&#8243; _module_preset=&#8221;default&#8221; global_colors_info=&#8221;{}&#8221;][et_pb_icon font_icon=&#8221;&#xe089;||divi||400&#8243; icon_width=&#8221;60px&#8221; _builder_version=&#8221;4.24.2&#8243; _module_preset=&#8221;default&#8221; global_colors_info=&#8221;{}&#8221;][\/et_pb_icon][et_pb_text _builder_version=&#8221;4.24.2&#8243; _module_preset=&#8221;default&#8221; global_colors_info=&#8221;{}&#8221;]<\/p>\n<h2 style=\"text-align: center;\">Loyaut\u00e9 &amp; affection<\/h2>\n<p style=\"text-align: center;\">Ils sont tr\u00e8s affectueux et attach\u00e9s \u00e0 leur ma\u00eetre et \u00e0 leur famille. Ils viendront se blottir au milieu de toute la famille sur le canap\u00e9.<\/p>\n<p>[\/et_pb_text][\/et_pb_column][et_pb_column type=&#8221;1_3&#8243; _builder_version=&#8221;4.21.0&#8243; _module_preset=&#8221;default&#8221; global_colors_info=&#8221;{}&#8221;][et_pb_icon font_icon=&#8221;&#xf0c0;||fa||900&#8243; icon_width=&#8221;60px&#8221; _builder_version=&#8221;4.24.2&#8243; _module_preset=&#8221;default&#8221; global_colors_info=&#8221;{}&#8221;][\/et_pb_icon][et_pb_text _builder_version=&#8221;4.24.2&#8243; _module_preset=&#8221;default&#8221; global_colors_info=&#8221;{}&#8221;]<\/p>\n<h2 style=\"text-align: center;\">Socialisation<\/h2>\n<p style=\"text-align: center;\">Ils peuvent \u00eatre timides au d\u00e9but, mais avec une bonne \u00e9ducation, ils sont g\u00e9n\u00e9ralement tr\u00e8s sociables, avec les humains, les chiens ou d'autres animaux de compagnie, et ont rarement des probl\u00e8mes d'agression.<\/p>\n<p>[\/et_pb_text][\/et_pb_column][\/et_pb_row][et_pb_row column_structure=&#8221;1_3,1_3,1_3&#8243; _builder_version=&#8221;4.21.0&#8243; _module_preset=&#8221;default&#8221; global_colors_info=&#8221;{}&#8221;][et_pb_column type=&#8221;1_3&#8243; _builder_version=&#8221;4.21.0&#8243; _module_preset=&#8221;default&#8221; global_colors_info=&#8221;{}&#8221;][et_pb_icon font_icon=&#8221;&#xf19d;||fa||900&#8243; icon_width=&#8221;60px&#8221; _builder_version=&#8221;4.24.2&#8243; _module_preset=&#8221;default&#8221; global_colors_info=&#8221;{}&#8221;][\/et_pb_icon][et_pb_text _builder_version=&#8221;4.24.2&#8243; _module_preset=&#8221;default&#8221; global_colors_info=&#8221;{}&#8221;]<\/p>\n<h2 style=\"text-align: center;\">Dressage<\/h2>\n<p style=\"text-align: center;\">Ils sont tr\u00e8s intelligents et apprennent vite, bien qu'ils s'ennuient rapidement si une s\u00e9ance de dressage est trop r\u00e9p\u00e9titive ou s'ils n'ont rien \u00e0 gagner.<\/p>\n<p>[\/et_pb_text][\/et_pb_column][et_pb_column type=&#8221;1_3&#8243; _builder_version=&#8221;4.21.0&#8243; _module_preset=&#8221;default&#8221; global_colors_info=&#8221;{}&#8221;][et_pb_icon font_icon=&#8221;&#xf4be;||fa||900&#8243; icon_width=&#8221;60px&#8221; _builder_version=&#8221;4.24.2&#8243; _module_preset=&#8221;default&#8221; global_colors_info=&#8221;{}&#8221;][\/et_pb_icon][et_pb_text _builder_version=&#8221;4.24.2&#8243; _module_preset=&#8221;default&#8221; global_colors_info=&#8221;{}&#8221;]<\/p>\n<h2 style=\"text-align: center;\">Sensibilit\u00e9<\/h2>\n<p style=\"text-align: center;\">Peut-\u00eatre en raison de leurs instincts primitifs et de leur attachement \u00e0 leur ma\u00eetre, ils peuvent ressentent plus de choses que d'autres chiens. Certains peuvent naturellement devenir des chiens d'assistance.<\/p>\n<p>[\/et_pb_text][\/et_pb_column][et_pb_column type=&#8221;1_3&#8243; _builder_version=&#8221;4.21.0&#8243; _module_preset=&#8221;default&#8221; global_colors_info=&#8221;{}&#8221;][et_pb_icon font_icon=&#8221;&#xf028;||fa||900&#8243; icon_width=&#8221;60px&#8221; _builder_version=&#8221;4.24.2&#8243; _module_preset=&#8221;default&#8221; global_colors_info=&#8221;{}&#8221;][\/et_pb_icon][et_pb_text _builder_version=&#8221;4.24.2&#8243; _module_preset=&#8221;default&#8221; global_colors_info=&#8221;{}&#8221;]<\/p>\n<h2 style=\"text-align: center;\">Bruit<\/h2>\n<p style=\"text-align: center;\">En g\u00e9n\u00e9ral, ils n'aboient pas beaucoup, mais ils peuvent parfois g\u00e9mir ou hurler s'ils s'ennuient ou s'ils sont laiss\u00e9s seuls.<\/p>\n<p>[\/et_pb_text][\/et_pb_column][\/et_pb_row][\/et_pb_section][et_pb_section fb_built=&#8221;1&#8243; _builder_version=&#8221;4.27.0&#8243; _module_preset=&#8221;default&#8221; background_color=&#8221;#7D5C65&#8243; custom_margin=&#8221;||||false|false&#8221; custom_padding=&#8221;100px||100px||false|false&#8221; top_divider_style=&#8221;waves2&#8243; top_divider_color=&#8221;#FFFFFF&#8221; bottom_divider_style=&#8221;waves2&#8243; bottom_divider_color=&#8221;#37404C&#8221; global_colors_info=&#8221;{}&#8221;][et_pb_row make_equal=&#8221;on&#8221; _builder_version=&#8221;4.27.0&#8243; _module_preset=&#8221;default&#8221; global_colors_info=&#8221;{}&#8221;][et_pb_column type=&#8221;4_4&#8243; _builder_version=&#8221;4.24.2&#8243; _module_preset=&#8221;default&#8221; global_colors_info=&#8221;{}&#8221;][et_pb_text _builder_version=&#8221;4.27.0&#8243; _module_preset=&#8221;default&#8221; text_text_color=&#8221;#FFFFFF&#8221; header_text_color=&#8221;#FFFFFF&#8221; global_colors_info=&#8221;{}&#8221;]<\/p>\n<h1 style=\"text-align: center;\">Int\u00e9ress\u00e9(e) \u00e0 en adopter un ?<\/h1>\n<p style=\"text-align: center;\">Voici une petite liste de ce \u00e0 quoi il faut r\u00e9fl\u00e9chir<\/p>\n<p>[\/et_pb_text][\/et_pb_column][\/et_pb_row][et_pb_row column_structure=&#8221;1_3,1_3,1_3&#8243; make_equal=&#8221;on&#8221; _builder_version=&#8221;4.27.0&#8243; _module_preset=&#8221;default&#8221; global_colors_info=&#8221;{}&#8221;][et_pb_column type=&#8221;1_3&#8243; _builder_version=&#8221;4.24.2&#8243; _module_preset=&#8221;default&#8221; global_colors_info=&#8221;{}&#8221;][et_pb_icon font_icon=&#8221;&#xe074;||divi||400&#8243; icon_color=&#8221;#FFFFFF&#8221; icon_width=&#8221;60px&#8221; _builder_version=&#8221;4.27.0&#8243; _module_preset=&#8221;default&#8221; global_colors_info=&#8221;{}&#8221;][\/et_pb_icon][et_pb_text _builder_version=&#8221;4.27.0&#8243; _module_preset=&#8221;default&#8221; text_text_color=&#8221;#FFFFFF&#8221; header_text_color=&#8221;#FFFFFF&#8221; global_colors_info=&#8221;{}&#8221;]<\/p>\n<h1 style=\"text-align: center;\">Situation de vie<\/h1>\n<p style=\"text-align: justify;\">Ce ne sont pas un chien que tu peux laisser seul toute la journ\u00e9e, cinq jours par semaine, pendant que tu vas travailler. Il sera malheureux et d\u00e9truira ta maison. Si tu travailles \u00e0 domicile ou si tu peux l'emmener au travail avec toi, c'est parfait. Dans le cas contraire, assure-toi d'avoir un plan \u00e0 long terme qui r\u00e9ponde \u00e0 ses besoins. Quelques id\u00e9es :<\/p>\n<p style=\"text-align: justify;\">\n<ul>\n<li style=\"text-align: justify;\">Avoir d'autres membres du foyer qui peuvent s'en occuper quand tu n'es pas l\u00e0<\/li>\n<li style=\"text-align: justify;\">Faire appel \u00e0 des dog-sitter, des pensions ou avoir un arrangement avec d'autres propri\u00e9taires de chiens<\/li>\n<li style=\"text-align: justify;\">Ne le laisser seul qu'une demi-journ\u00e9e \u00e0 la fois<\/li>\n<li style=\"text-align: justify;\">Avoir d'autres chiens ou animaux qui peuvent lui tenir compagnie<\/li>\n<li style=\"text-align: justify;\">Faire en sorte qu'il puisse bien se d\u00e9penser avant que tu partes<\/li>\n<\/ul>\n<p>[\/et_pb_text][\/et_pb_column][et_pb_column type=&#8221;1_3&#8243; _builder_version=&#8221;4.24.2&#8243; _module_preset=&#8221;default&#8221; global_colors_info=&#8221;{}&#8221;][et_pb_icon font_icon=&#8221;&#xe0d8;||divi||400&#8243; icon_color=&#8221;#FFFFFF&#8221; icon_width=&#8221;60px&#8221; _builder_version=&#8221;4.27.0&#8243; _module_preset=&#8221;default&#8221; global_colors_info=&#8221;{}&#8221;][\/et_pb_icon][et_pb_text _builder_version=&#8221;4.27.0&#8243; _module_preset=&#8221;default&#8221; text_text_color=&#8221;#FFFFFF&#8221; header_text_color=&#8221;#FFFFFF&#8221; global_colors_info=&#8221;{}&#8221;]<\/p>\n<h1 style=\"text-align: center;\">R\u00e9gulations &amp; finances<\/h1>\n<p>V\u00e9rifie bien d'avoir le droit d'avoir ce chien l\u00e0 o\u00f9 tu vis :<\/p>\n<ul>\n<li>Si tu es locataire, obtiens une permission explicite d'avoir un chien de la part du propri\u00e9taire ou de la g\u00e9rance<\/li>\n<li>V\u00e9rifie les lois de ta commune, de ton \u00e9tat\/canton et de ton pays concernant la possession de chiens, les races interdites et le pourcentage de loup<\/li>\n<\/ul>\n<p>V\u00e9rifie d'\u00eatre suffisamment \u00e0 l'aise financi\u00e8rement pour pouvoir payer les d\u00e9penses de ton chien. En Suisse, un grand chien co\u00fbte environ 2000 \u00e0 3000 CHF par an en nourriture, assurance, frais v\u00e9t\u00e9rinaires et \u00e9quipement. Tu dois \u00e9galement avoir de l'argent de c\u00f4t\u00e9 en cas d'urgence. Nous te recommandons vivement prendre une assurance maladie de base pour ton chien.<\/p>\n<p>[\/et_pb_text][\/et_pb_column][et_pb_column type=&#8221;1_3&#8243; _builder_version=&#8221;4.24.2&#8243; _module_preset=&#8221;default&#8221; global_colors_info=&#8221;{}&#8221;][et_pb_icon font_icon=&#8221;&#xf4be;||fa||900&#8243; icon_color=&#8221;#FFFFFF&#8221; icon_width=&#8221;60px&#8221; _builder_version=&#8221;4.27.0&#8243; _module_preset=&#8221;default&#8221; global_colors_info=&#8221;{}&#8221;][\/et_pb_icon][et_pb_text _builder_version=&#8221;4.27.0&#8243; _module_preset=&#8221;default&#8221; text_text_color=&#8221;#FFFFFF&#8221; header_text_color=&#8221;#FFFFFF&#8221; global_colors_info=&#8221;{}&#8221;]<\/p>\n<h1 style=\"text-align: center;\">Engagement<\/h1>\n<p>Ce chien sera ton compagnon pendant les dix prochaines ann\u00e9es de ta vie. Tu seras tout son univers, et il m\u00e9rite de vivre une belle vie avec toi. Voici quelques points auxquels il faut r\u00e9fl\u00e9chir :<\/p>\n<p>&nbsp;<\/p>\n<ul>\n<li>Tu devras consacrer du temps \u00e0 son \u00e9ducation et \u00e0 sa socialisation, et \u00eatre patient avec lui, car la phase d'adolescence est souvent tr\u00e8s longue. <span id=\"forminator-field-textarea-13_66dad934dfbf5-description\" class=\"forminator-description\">Quel que soit ton niveau d'exp\u00e9rience, nous te conseillons vivement de suivre des cours pour chiots le plus t\u00f4t possible et de continuer \u00e0 suivre des cours de formation aussi longtemps que tu le juges utile.<\/span><\/li>\n<li>Un chien qui ressemble \u00e0 un loup doit faire l'objet de quelques mises en garde. Il peut effrayer les gens et \u00eatre confondu avec un vrai loup. Cela signifie que tu dois accorder une attention particuli\u00e8re aux questions de s\u00e9curit\u00e9, telles que des cl\u00f4tures s\u00e9curis\u00e9es et du mat\u00e9riel solide.<\/li>\n<\/ul>\n<p>[\/et_pb_text][\/et_pb_column][\/et_pb_row][et_pb_row make_equal=&#8221;on&#8221; _builder_version=&#8221;4.27.0&#8243; _module_preset=&#8221;default&#8221; global_colors_info=&#8221;{}&#8221;][et_pb_column type=&#8221;4_4&#8243; _builder_version=&#8221;4.24.2&#8243; _module_preset=&#8221;default&#8221; global_colors_info=&#8221;{}&#8221;][et_pb_text _builder_version=&#8221;4.27.0&#8243; _module_preset=&#8221;default&#8221; text_text_color=&#8221;#FFFFFF&#8221; header_text_color=&#8221;#FFFFFF&#8221; global_colors_info=&#8221;{}&#8221;]<\/p>\n<h1 style=\"text-align: center;\">Toujours int\u00e9ress\u00e9(e) ?<\/h1>\n<p style=\"text-align: center;\">Alors une fois que tu as bien r\u00e9fl\u00e9chis \u00e0 tout \u00e7a,<\/p>\n<p>[\/et_pb_text][et_pb_button button_url=&#8221;@ET-DC@eyJkeW5hbWljIjp0cnVlLCJjb250ZW50IjoicG9zdF9saW5rX3VybF9wYWdlIiwic2V0dGluZ3MiOnsicG9zdF9pZCI6IjY5MCJ9fQ==@&#8221; button_text=&#8221;Visit our adoption page&#8221; button_alignment=&#8221;center&#8221; _builder_version=&#8221;4.27.0&#8243; _dynamic_attributes=&#8221;button_url&#8221; _module_preset=&#8221;default&#8221; custom_button=&#8221;on&#8221; button_text_color=&#8221;#7D5C65&#8243; button_bg_color=&#8221;#FFFFFF&#8221; button_font=&#8221;||||||||&#8221; global_colors_info=&#8221;{}&#8221;][\/et_pb_button][et_pb_text _builder_version=&#8221;4.27.0&#8243; _module_preset=&#8221;default&#8221; text_text_color=&#8221;#FFFFFF&#8221; header_text_color=&#8221;#FFFFFF&#8221; global_colors_info=&#8221;{}&#8221;]<\/p>\n<p style=\"text-align: center;\">OU<\/p>\n<p>[\/et_pb_text][et_pb_button button_url=&#8221;@ET-DC@eyJkeW5hbWljIjp0cnVlLCJjb250ZW50IjoicG9zdF9saW5rX3VybF9wYWdlIiwic2V0dGluZ3MiOnsicG9zdF9pZCI6Ijc2MiJ9fQ==@&#8221; button_text=&#8221;Take our questionnaire&#8221; button_alignment=&#8221;center&#8221; _builder_version=&#8221;4.27.0&#8243; _dynamic_attributes=&#8221;button_url&#8221; _module_preset=&#8221;default&#8221; custom_button=&#8221;on&#8221; button_text_color=&#8221;#7D5C65&#8243; button_bg_color=&#8221;#FFFFFF&#8221; button_font=&#8221;||||||||&#8221; global_colors_info=&#8221;{}&#8221;][\/et_pb_button][\/et_pb_column][\/et_pb_row][\/et_pb_section]<\/p>","protected":false},"excerpt":{"rendered":"<p>A wolf on your couch &nbsp; Dogs exist thanks to an ancient collaboration between humans and wolves. But today, wolves are seen as pests, especially in our region of Wallis [&hellip;]<\/p>","protected":false},"author":1,"featured_media":0,"parent":0,"menu_order":0,"comment_status":"closed","ping_status":"closed","template":"","meta":{"_et_pb_use_builder":"on","_et_pb_old_content":"<!-- wp:divi\/placeholder \/-->","_et_gb_content_width":"","om_disable_all_campaigns":false,"_monsterinsights_skip_tracking":false,"_monsterinsights_sitenote_active":false,"_monsterinsights_sitenote_note":"","_monsterinsights_sitenote_category":0,"footnotes":""},"class_list":["post-572","page","type-page","status-publish","hentry"],"aioseo_notices":[],"_links":{"self":[{"href":"https:\/\/houseofthewolf.ch\/fr\/wp-json\/wp\/v2\/pages\/572","targetHints":{"allow":["GET"]}}],"collection":[{"href":"https:\/\/houseofthewolf.ch\/fr\/wp-json\/wp\/v2\/pages"}],"about":[{"href":"https:\/\/houseofthewolf.ch\/fr\/wp-json\/wp\/v2\/types\/page"}],"author":[{"embeddable":true,"href":"https:\/\/houseofthewolf.ch\/fr\/wp-json\/wp\/v2\/users\/1"}],"replies":[{"embeddable":true,"href":"https:\/\/houseofthewolf.ch\/fr\/wp-json\/wp\/v2\/comments?post=572"}],"version-history":[{"count":0,"href":"https:\/\/houseofthewolf.ch\/fr\/wp-json\/wp\/v2\/pages\/572\/revisions"}],"wp:attachment":[{"href":"https:\/\/houseofthewolf.ch\/fr\/wp-json\/wp\/v2\/media?parent=572"}],"curies":[{"name":"wp","href":"https:\/\/api.w.org\/{rel}","templated":true}]}}