{"id":657,"date":"2024-08-05T15:35:25","date_gmt":"2024-08-05T13:35:25","guid":{"rendered":"https:\/\/houseofthewolf.ch\/?page_id=657"},"modified":"2024-08-06T10:42:40","modified_gmt":"2024-08-06T08:42:40","slug":"animations","status":"publish","type":"page","link":"https:\/\/houseofthewolf.ch\/fr\/animations\/","title":{"rendered":"Animations"},"content":{"rendered":"<p>[et_pb_section fb_built=&#8221;1&#8243; fullwidth=&#8221;on&#8221; _builder_version=&#8221;4.21.0&#8243; _module_preset=&#8221;default&#8221; top_divider_color=&#8221;#37404C&#8221; bottom_divider_style=&#8221;wave2&#8243; bottom_divider_color=&#8221;#FFFFFF&#8221; global_colors_info=&#8221;{}&#8221;][et_pb_fullwidth_header title=&#8221;Animations with our wolfies&#8221; subhead=&#8221;Our offer for festivals &#038; other events&#8221; image_orientation=&#8221;bottom&#8221; _builder_version=&#8221;4.27.0&#8243; _module_preset=&#8221;default&#8221; title_font_size=&#8221;50px&#8221; background_enable_color=&#8221;off&#8221; use_background_color_gradient=&#8221;on&#8221; background_color_gradient_direction=&#8221;90deg&#8221; background_color_gradient_stops=&#8221;#7d5c65 28%|rgba(255,255,255,0) 100%&#8221; background_color_gradient_overlays_image=&#8221;on&#8221; background_image=&#8221;https:\/\/houseofthewolf.ch\/wp-content\/uploads\/2024\/08\/20240704-20240704_154510-e1722933642757.jpg&#8221; custom_padding=&#8221;200px||200px||false|false&#8221; hover_enabled=&#8221;0&#8243; custom_css_main_element=&#8221;background-position: center;\t&#8221; global_colors_info=&#8221;{}&#8221; sticky_enabled=&#8221;0&#8243;][\/et_pb_fullwidth_header][\/et_pb_section][et_pb_section fb_built=&#8221;1&#8243; _builder_version=&#8221;4.19.5&#8243; _module_preset=&#8221;default&#8221; global_colors_info=&#8221;{}&#8221;][et_pb_row column_structure=&#8221;1_2,1_2&#8243; make_equal=&#8221;on&#8221; _builder_version=&#8221;4.27.0&#8243; _module_preset=&#8221;default&#8221; custom_css_main_element=&#8221;align-items: center;&#8221; global_colors_info=&#8221;{}&#8221;][et_pb_column type=&#8221;1_2&#8243; _builder_version=&#8221;4.19.5&#8243; _module_preset=&#8221;default&#8221; global_colors_info=&#8221;{}&#8221;][et_pb_gallery gallery_ids=&#8221;667,668,670&#8243; fullwidth=&#8221;on&#8221; _builder_version=&#8221;4.27.0&#8243; _module_preset=&#8221;default&#8221; global_colors_info=&#8221;{}&#8221;][\/et_pb_gallery][\/et_pb_column][et_pb_column type=&#8221;1_2&#8243; _builder_version=&#8221;4.24.2&#8243; _module_preset=&#8221;default&#8221; global_colors_info=&#8221;{}&#8221;][et_pb_text _builder_version=&#8221;4.27.0&#8243; _module_preset=&#8221;default&#8221; global_colors_info=&#8221;{}&#8221;]<\/p>\n<h1>Un stand hors du commun<\/h1>\n<p>&nbsp;<\/p>\n<p>Imaginez un coin douillet du festival, orn\u00e9 d\u2019un charme rustique, o\u00f9 les festivaliers peuvent rencontrer et se m\u00ealer \u00e0 nos chiens, sous l\u2019oeil attentif de notre famille. Nous apportons une touche de la personnalit\u00e9 de notre projet avec des d\u00e9corations \u00e0 th\u00e8me, afin que notre stand se fonde dans la tapisserie de l'\u00e9v\u00e9nement.<\/p>\n<p><em>Notre stand est encore tout jeune et vou\u00e9 \u00e0 \u00e9voluer ces prochains temps, mais toujours vers le mieux !<\/em><\/p>\n<p>[\/et_pb_text][\/et_pb_column][\/et_pb_row][\/et_pb_section][et_pb_section fb_built=&#8221;1&#8243; _builder_version=&#8221;4.27.0&#8243; _module_preset=&#8221;default&#8221; background_color=&#8221;#7D5C65&#8243; custom_margin=&#8221;||||false|false&#8221; custom_padding=&#8221;100px||150px||false|false&#8221; top_divider_style=&#8221;waves2&#8243; top_divider_color=&#8221;#FFFFFF&#8221; bottom_divider_style=&#8221;waves2&#8243; bottom_divider_color=&#8221;#FFFFFF&#8221; global_colors_info=&#8221;{}&#8221;][et_pb_row column_structure=&#8221;1_4,1_2,1_4&#8243; _builder_version=&#8221;4.21.0&#8243; _module_preset=&#8221;default&#8221; global_colors_info=&#8221;{}&#8221;][et_pb_column type=&#8221;1_4&#8243; _builder_version=&#8221;4.19.5&#8243; _module_preset=&#8221;default&#8221; global_colors_info=&#8221;{}&#8221;][\/et_pb_column][et_pb_column type=&#8221;1_2&#8243; _builder_version=&#8221;4.19.5&#8243; _module_preset=&#8221;default&#8221; global_colors_info=&#8221;{}&#8221;][et_pb_text _builder_version=&#8221;4.27.0&#8243; _module_preset=&#8221;default&#8221; header_text_color=&#8221;#FFFFFF&#8221; global_colors_info=&#8221;{}&#8221;]<\/p>\n<h1 style=\"text-align: center;\">Notre offre<\/h1>\n<p>[\/et_pb_text][\/et_pb_column][et_pb_column type=&#8221;1_4&#8243; _builder_version=&#8221;4.19.5&#8243; _module_preset=&#8221;default&#8221; global_colors_info=&#8221;{}&#8221;][\/et_pb_column][\/et_pb_row][et_pb_row column_structure=&#8221;1_3,1_3,1_3&#8243; _builder_version=&#8221;4.21.0&#8243; _module_preset=&#8221;default&#8221; global_colors_info=&#8221;{}&#8221;][et_pb_column type=&#8221;1_3&#8243; _builder_version=&#8221;4.21.0&#8243; _module_preset=&#8221;default&#8221; global_colors_info=&#8221;{}&#8221;][et_pb_image src=&#8221;https:\/\/houseofthewolf.ch\/wp-content\/uploads\/2024\/08\/20230429-DSC09407.jpg&#8221; title_text=&#8221;20230429-DSC09407&#8243; _builder_version=&#8221;4.27.0&#8243; _module_preset=&#8221;default&#8221; border_radii=&#8221;on|20px|20px|20px|20px&#8221; box_shadow_style=&#8221;preset1&#8243; global_colors_info=&#8221;{}&#8221;][\/et_pb_image][et_pb_icon font_icon=&#8221;&#xe075;||divi||400&#8243; icon_color=&#8221;#FFFFFF&#8221; icon_width=&#8221;60px&#8221; _builder_version=&#8221;4.27.0&#8243; _module_preset=&#8221;default&#8221; global_colors_info=&#8221;{}&#8221;][\/et_pb_icon][et_pb_text _builder_version=&#8221;4.27.0&#8243; _module_preset=&#8221;default&#8221; text_text_color=&#8221;#FFFFFF&#8221; header_2_text_color=&#8221;#FFFFFF&#8221; header_3_text_color=&#8221;#FFFFFF&#8221; global_colors_info=&#8221;{}&#8221;]<\/p>\n<h2 style=\"text-align: center;\">S\u00e9ances photo<\/h2>\n<p style=\"text-align: center;\">Nous laissons les visiteurs poser pour des instantan\u00e9s avec nos chiens lors de sessions intermittentes tout au long de la journ\u00e9e, afin qu\u2019ils puissent repartir avec des souvenirs chaleureux de votre \u00e9v\u00e9nement.<\/p>\n<p>[\/et_pb_text][\/et_pb_column][et_pb_column type=&#8221;1_3&#8243; _builder_version=&#8221;4.21.0&#8243; _module_preset=&#8221;default&#8221; global_colors_info=&#8221;{}&#8221;][et_pb_image src=&#8221;https:\/\/houseofthewolf.ch\/wp-content\/uploads\/2024\/08\/Screenshot_20240611_115115_Gallery.jpg&#8221; title_text=&#8221;Screenshot_20240611_115115_Gallery&#8221; _builder_version=&#8221;4.27.0&#8243; _module_preset=&#8221;default&#8221; border_radii=&#8221;on|20px|20px|20px|20px&#8221; box_shadow_style=&#8221;preset1&#8243; global_colors_info=&#8221;{}&#8221;][\/et_pb_image][et_pb_icon font_icon=&#8221;&#xf4be;||fa||900&#8243; icon_color=&#8221;#FFFFFF&#8221; icon_width=&#8221;60px&#8221; _builder_version=&#8221;4.27.0&#8243; _module_preset=&#8221;default&#8221; global_colors_info=&#8221;{}&#8221;][\/et_pb_icon][et_pb_text _builder_version=&#8221;4.27.0&#8243; _module_preset=&#8221;default&#8221; text_text_color=&#8221;#FFFFFF&#8221; header_2_text_color=&#8221;#FFFFFF&#8221; global_colors_info=&#8221;{}&#8221;]<\/p>\n<h2 style=\"text-align: center;\">Partage<\/h2>\n<p style=\"text-align: center;\">Nous partageons avec les visiteurs le monde fantastique de ces chiens tr\u00e8s particuliers et la joie qu\u2019ils apportent dans nos vies, sous forme de rencontres rapproch\u00e9es, d\u2019anecdotes, de documents informatifs, etc. Nous serons bien \u00e9videmment \u00e0 leur disposition pour satisfaire leur curiosit\u00e9 et r\u00e9pondre \u00e0 toutes leurs questions.<\/p>\n<p>[\/et_pb_text][\/et_pb_column][et_pb_column type=&#8221;1_3&#8243; _builder_version=&#8221;4.21.0&#8243; _module_preset=&#8221;default&#8221; global_colors_info=&#8221;{}&#8221;][et_pb_image src=&#8221;https:\/\/houseofthewolf.ch\/wp-content\/uploads\/2024\/08\/20240608_173751-scaled.jpg&#8221; title_text=&#8221;20240608_173751&#8243; _builder_version=&#8221;4.27.0&#8243; _module_preset=&#8221;default&#8221; border_radii=&#8221;on|20px|20px|20px|20px&#8221; box_shadow_style=&#8221;preset1&#8243; global_colors_info=&#8221;{}&#8221;][\/et_pb_image][et_pb_icon font_icon=&#8221;&#xf0a1;||fa||900&#8243; icon_color=&#8221;#FFFFFF&#8221; icon_width=&#8221;60px&#8221; _builder_version=&#8221;4.27.0&#8243; _module_preset=&#8221;default&#8221; global_colors_info=&#8221;{}&#8221;][\/et_pb_icon][et_pb_text _builder_version=&#8221;4.27.0&#8243; _module_preset=&#8221;default&#8221; text_text_color=&#8221;#FFFFFF&#8221; header_2_text_color=&#8221;#FFFFFF&#8221; global_colors_info=&#8221;{}&#8221;]<\/p>\n<h2 style=\"text-align: center;\">Pr\u00e9sentations au public<\/h2>\n<p style=\"text-align: center;\">Votre public s\u2019int\u00e9resse-t\u2019il \u00e0 l\u2019histoire du loup et du chien au Moyen-\u00c2ge ? D\u00e9sire-t\u2019il en apprendre plus sur ces races lupo\u00efdes encore tr\u00e8s r\u00e9centes et m\u00e9connues ? Ou pr\u00e9f\u00e8re-t\u2019il en savoir plus sur le m\u00e9tier d\u2019\u00e9leveur de chiens ? Dans tous les cas, nous avons de quoi le satisfaire lors de petites conf\u00e9rences-spectacle \u00e0 l\u2019ambiance l\u00e9g\u00e8re.<\/p>\n<p>[\/et_pb_text][\/et_pb_column][\/et_pb_row][\/et_pb_section][et_pb_section fb_built=&#8221;1&#8243; next_background_color=&#8221;#37404C&#8221; _builder_version=&#8221;4.27.0&#8243; _module_preset=&#8221;default&#8221; custom_padding=&#8221;||100px||false|false&#8221; bottom_divider_style=&#8221;waves2&#8243; bottom_divider_height=&#8221;50px&#8221; global_colors_info=&#8221;{}&#8221;][et_pb_row _builder_version=&#8221;4.27.0&#8243; _module_preset=&#8221;default&#8221; global_colors_info=&#8221;{}&#8221;][et_pb_column type=&#8221;4_4&#8243; _builder_version=&#8221;4.27.0&#8243; _module_preset=&#8221;default&#8221; global_colors_info=&#8221;{}&#8221;][et_pb_text _builder_version=&#8221;4.27.0&#8243; _module_preset=&#8221;default&#8221; global_colors_info=&#8221;{}&#8221;]<\/p>\n<h1 style=\"text-align: center;\">Informations pratiques<\/h1>\n<p style=\"text-align: center;\">Chaque \u00e9v\u00e9nement est unique, c\u2019est pourquoi nos conditions sont adaptables. Vous trouverez ci-dessous une base de ce que nous demandons.<\/p>\n<p>[\/et_pb_text][\/et_pb_column][\/et_pb_row][et_pb_row column_structure=&#8221;1_3,1_3,1_3&#8243; _builder_version=&#8221;4.27.0&#8243; _module_preset=&#8221;default&#8221; global_colors_info=&#8221;{}&#8221;][et_pb_column type=&#8221;1_3&#8243; _builder_version=&#8221;4.21.0&#8243; _module_preset=&#8221;default&#8221; global_colors_info=&#8221;{}&#8221;][et_pb_icon font_icon=&#8221;&#xf51e;||fa||900&#8243; icon_color=&#8221;#37404C&#8221; icon_width=&#8221;60px&#8221; _builder_version=&#8221;4.27.0&#8243; _module_preset=&#8221;default&#8221; global_colors_info=&#8221;{}&#8221;][\/et_pb_icon][et_pb_text _builder_version=&#8221;4.27.0&#8243; _module_preset=&#8221;default&#8221; header_3_text_color=&#8221;#FFFFFF&#8221; global_colors_info=&#8221;{}&#8221;]<\/p>\n<h2 style=\"text-align: center;\">Nos tarifs<\/h2>\n<p style=\"text-align: justify;\">\n<p style=\"text-align: justify;\">Pour chaque \u00e9v\u00e9nement, nous demandons 600 CHF pour un jour ou 1000 CHF pour deux jours cons\u00e9cutifs. Les d\u00e9fraiements pour le transport et la nourriture sont n\u00e9goci\u00e9s au cas par cas.<\/p>\n<p style=\"text-align: left;\">Pour ce tarif, nous tiendrons un stand durant les heures d\u2019ouverture de votre \u00e9v\u00e9nement o\u00f9 les visiteurs pourront admirer nos chiens, s\u2019instruire \u00e0 leur sujet et poser des questions. Nous organiserons \u00e9galement durant la journ\u00e9e plusieurs s\u00e9ances photo d\u2019une heure chacune et\/ou pr\u00e9sentations au public (nombre et horaires \u00e0 discuter avec vous).<\/p>\n<p>[\/et_pb_text][\/et_pb_column][et_pb_column type=&#8221;1_3&#8243; _builder_version=&#8221;4.21.0&#8243; _module_preset=&#8221;default&#8221; global_colors_info=&#8221;{}&#8221;][et_pb_icon font_icon=&#8221;&#xf043;||fa||900&#8243; icon_color=&#8221;#37404C&#8221; icon_width=&#8221;60px&#8221; _builder_version=&#8221;4.27.0&#8243; _module_preset=&#8221;default&#8221; global_colors_info=&#8221;{}&#8221;][\/et_pb_icon][et_pb_text _builder_version=&#8221;4.27.0&#8243; _module_preset=&#8221;default&#8221; header_3_text_color=&#8221;#FFFFFF&#8221; global_colors_info=&#8221;{}&#8221;]<\/p>\n<h2 style=\"text-align: center;\">Nos besoins<\/h2>\n<p style=\"text-align: justify;\">\n<p style=\"text-align: justify;\">Notre stand n\u00e9cessite un espace d\u2019environ 3m x 3m, de pr\u00e9f\u00e9rence dans un coin plut\u00f4t calme de votre \u00e9v\u00e9nement. Nous avons besoin d\u2019un acc\u00e8s relativement ais\u00e9 \u00e0 de l\u2019eau potable et \u00e0 des prises \u00e9lectriques proches de notre stand, afin de pouvoir abreuver nos chiens et charger nos appareils.<\/p>\n<p>[\/et_pb_text][\/et_pb_column][et_pb_column type=&#8221;1_3&#8243; _builder_version=&#8221;4.21.0&#8243; _module_preset=&#8221;default&#8221; global_colors_info=&#8221;{}&#8221;][et_pb_icon font_icon=&#8221;&#xf06a;||fa||900&#8243; icon_color=&#8221;#37404C&#8221; icon_width=&#8221;60px&#8221; _builder_version=&#8221;4.27.0&#8243; _module_preset=&#8221;default&#8221; global_colors_info=&#8221;{}&#8221;][\/et_pb_icon][et_pb_text _builder_version=&#8221;4.27.0&#8243; _module_preset=&#8221;default&#8221; header_3_text_color=&#8221;#FFFFFF&#8221; global_colors_info=&#8221;{}&#8221;]<\/p>\n<h2 style=\"text-align: center;\">Nos conditions<\/h2>\n<p style=\"text-align: justify;\">\n<p style=\"text-align: justify;\">En tant que gardiens de nos animaux, notre priorit\u00e9 doit toujours \u00eatre de garantir leur bien-\u00eatre. C\u2019est pourquoi nous nous r\u00e9servons le droit de refuser l\u2019acc\u00e8s \u00e0 certaines personnes qui pr\u00e9senteraient un comportement inappropri\u00e9 et d\u2019accorder des pauses \u00e0 nos chiens en fonction de leurs besoins. Le temps qui pourrait \u00eatre perdu sur une session sera compens\u00e9 honn\u00eatement au meilleur de nos capacit\u00e9s.<\/p>\n<p>Afin de promouvoir notre projet, nous nous permettrons \u00e9galement de publier des photos prises durant le festival sur nos r\u00e9seaux sociaux (avec l\u2019autorisation des personnes y figurant) et d\u2019inscrire les personnes int\u00e9ress\u00e9es \u00e0 notre newsletter.<\/p>\n<p>En raison des al\u00e9as de l\u2019\u00e9levage (saillies, port\u00e9es, maladies), il est possible que nous soyons contraints d\u2019annuler notre venue en derni\u00e8re minute. Nous ferons toujours en sorte de vous avertir le plus t\u00f4t possible afin que vous puissiez adapter votre programme.<\/p>\n<p>[\/et_pb_text][\/et_pb_column][\/et_pb_row][\/et_pb_section]<\/p>","protected":false},"excerpt":{"rendered":"<p>A booth like no other &nbsp; Imagine a cozy corner of the festival, adorned with rustic charm, where festival-goers can meet and mingle with our dogs, under the watchful eye [&hellip;]<\/p>","protected":false},"author":1,"featured_media":0,"parent":0,"menu_order":0,"comment_status":"closed","ping_status":"closed","template":"","meta":{"_et_pb_use_builder":"on","_et_pb_old_content":"<!-- wp:divi\/placeholder \/-->","_et_gb_content_width":"","om_disable_all_campaigns":false,"_monsterinsights_skip_tracking":false,"_monsterinsights_sitenote_active":false,"_monsterinsights_sitenote_note":"","_monsterinsights_sitenote_category":0,"footnotes":""},"class_list":["post-657","page","type-page","status-publish","hentry"],"aioseo_notices":[],"_links":{"self":[{"href":"https:\/\/houseofthewolf.ch\/fr\/wp-json\/wp\/v2\/pages\/657","targetHints":{"allow":["GET"]}}],"collection":[{"href":"https:\/\/houseofthewolf.ch\/fr\/wp-json\/wp\/v2\/pages"}],"about":[{"href":"https:\/\/houseofthewolf.ch\/fr\/wp-json\/wp\/v2\/types\/page"}],"author":[{"embeddable":true,"href":"https:\/\/houseofthewolf.ch\/fr\/wp-json\/wp\/v2\/users\/1"}],"replies":[{"embeddable":true,"href":"https:\/\/houseofthewolf.ch\/fr\/wp-json\/wp\/v2\/comments?post=657"}],"version-history":[{"count":0,"href":"https:\/\/houseofthewolf.ch\/fr\/wp-json\/wp\/v2\/pages\/657\/revisions"}],"wp:attachment":[{"href":"https:\/\/houseofthewolf.ch\/fr\/wp-json\/wp\/v2\/media?parent=657"}],"curies":[{"name":"wp","href":"https:\/\/api.w.org\/{rel}","templated":true}]}}